{"id":14,"date":"2020-03-26T14:51:39","date_gmt":"2020-03-26T14:51:39","guid":{"rendered":"http:\/\/themewp.webexpr19.ovh\/?page_id=14"},"modified":"2022-05-10T13:49:48","modified_gmt":"2022-05-10T12:49:48","slug":"contact","status":"publish","type":"page","link":"https:\/\/wesakparis.com\/fr\/contact\/","title":{"rendered":"Contact"},"content":{"rendered":"<p>[vc_row][vc_column][vc_empty_space height=&#8221;100px&#8221; el_class=&#8221;petit-espace-home&#8221;][vc_column_text el_class=&#8221;contact-titre h2-center&#8221;]<\/p>\n<p style=\"text-align: left;\">contact<\/p>\n<p>[\/vc_column_text][vc_empty_space height=&#8221;100px&#8221; el_class=&#8221;petit-espace-home&#8221;][\/vc_column][\/vc_row][vc_row el_class=&#8221;ligne-contact&#8221;][vc_column width=&#8221;1\/2&#8243; el_class=&#8221;colonne-gauche-contact&#8221;][vc_column_text el_class=&#8221;contact-sous-titre&#8221;]Contactez-nous![\/vc_column_text][vc_column_text el_class=&#8221;contact-desc&#8221;][\/vc_column_text][\/vc_column][vc_column width=&#8221;1\/2&#8243; el_class=&#8221;colonne-droite-contact&#8221;][vc_column_text]<\/p>\n<div class=\"caldera-grid\" id=\"caldera_form_1\" data-cf-ver=\"1.9.2\" data-cf-form-id=\"CF6045f4a85743c\"><div id=\"caldera_notices_1\" data-spinner=\"https:\/\/wesakparis.com\/wp-admin\/images\/spinner.gif\"><\/div><form data-instance=\"1\" class=\"CF6045f4a85743c caldera_forms_form cfajax-trigger\" method=\"POST\" enctype=\"multipart\/form-data\" id=\"CF6045f4a85743c_1\" data-form-id=\"CF6045f4a85743c\" aria-label=\"contact\" data-target=\"#caldera_notices_1\" data-template=\"#cfajax_CF6045f4a85743c-tmpl\" data-cfajax=\"CF6045f4a85743c\" data-load-element=\"_parent\" data-load-class=\"cf_processing\" data-post-disable=\"0\" data-action=\"cf_process_ajax_submit\" data-request=\"https:\/\/wesakparis.com\/fr\/\/cf-api\/CF6045f4a85743c\" data-hiderows=\"true\">\r\n<input type=\"hidden\" id=\"_cf_verify_CF6045f4a85743c\" name=\"_cf_verify\" value=\"8d37548fe5\"  data-nonce-time=\"1776159130\" \/><input type=\"hidden\" name=\"_wp_http_referer\" value=\"\/fr\/wp-json\/wp\/v2\/pages\/14\" \/><div id=\"cf2-CF6045f4a85743c_1\"><\/div><input type=\"hidden\" name=\"_cf_frm_id\" value=\"CF6045f4a85743c\">\r\n<input type=\"hidden\" name=\"_cf_frm_ct\" value=\"1\">\r\n<input type=\"hidden\" name=\"cfajax\" value=\"CF6045f4a85743c\">\r\n<input type=\"hidden\" name=\"_cf_cr_pst\" value=\"14\">\r\n<div id=\"CF6045f4a85743c_1-row-1\"  class=\"row  first_row\"><div  class=\"col-sm-6  first_col\"><div data-field-wrapper=\"fld_7140215\" class=\"form-group\" id=\"fld_7140215_1-wrap\">\r\n\t<label id=\"fld_7140215Label\" for=\"fld_7140215_1\" class=\"control-label\">Pr\u00e9nom <span aria-hidden=\"true\" role=\"presentation\" class=\"field_required\" style=\"color:#ee0000;\">*<\/span><\/label>\r\n\t<div class=\"\">\r\n\t\t<input placeholder=\"Pr\u00e9nom\"  required type=\"text\" data-field=\"fld_7140215\" class=\" form-control\" id=\"fld_7140215_1\" name=\"fld_7140215\" value=\"\" data-type=\"text\" aria-required=\"true\"   aria-labelledby=\"fld_7140215Label\" >\t\t\t<\/div>\r\n<\/div>\r\n<\/div><div  class=\"col-sm-6  last_col\"><div data-field-wrapper=\"fld_4556776\" class=\"form-group\" id=\"fld_4556776_1-wrap\">\r\n\t<label id=\"fld_4556776Label\" for=\"fld_4556776_1\" class=\"control-label\">Nom <span aria-hidden=\"true\" role=\"presentation\" class=\"field_required\" style=\"color:#ee0000;\">*<\/span><\/label>\r\n\t<div class=\"\">\r\n\t\t<input placeholder=\"Nom\"  required type=\"text\" data-field=\"fld_4556776\" class=\" form-control\" id=\"fld_4556776_1\" name=\"fld_4556776\" value=\"\" data-type=\"text\" aria-required=\"true\"   aria-labelledby=\"fld_4556776Label\" >\t\t\t<\/div>\r\n<\/div>\r\n<\/div><\/div><div id=\"CF6045f4a85743c_1-row-2\"  class=\"row \"><div  class=\"col-sm-12  single\"><div data-field-wrapper=\"fld_1403947\" class=\"form-group\" id=\"fld_1403947_1-wrap\">\r\n\t<label id=\"fld_1403947Label\" for=\"fld_1403947_1\" class=\"control-label\">Email <span aria-hidden=\"true\" role=\"presentation\" class=\"field_required\" style=\"color:#ee0000;\">*<\/span><\/label>\r\n\t<div class=\"\">\r\n\t\t<input placeholder=\"votre@email.com\"  required type=\"email\" data-field=\"fld_1403947\" class=\" form-control\" id=\"fld_1403947_1\" name=\"fld_1403947\" value=\"\" data-type=\"email\" aria-required=\"true\"   aria-labelledby=\"fld_1403947Label\" >\t\t\t<\/div>\r\n<\/div>\r\n<div data-field-wrapper=\"fld_9663524\" class=\"form-group\" id=\"fld_9663524_1-wrap\">\r\n\t<label id=\"fld_9663524Label\" for=\"fld_9663524_1\" class=\"control-label\">T\u00e9l\u00e9phone<\/label>\r\n\t<div class=\"\">\r\n\t\t<input    type=\"tel\" data-field=\"fld_9663524\" class=\" form-control\" id=\"fld_9663524_1\" name=\"fld_9663524\" value=\"\" data-type=\"phone_better\"   aria-labelledby=\"fld_9663524Label\" >\t\t\t<\/div>\r\n<\/div>\r\n<div data-field-wrapper=\"fld_304767\" class=\"form-group\" id=\"fld_304767_1-wrap\">\r\n\t<label id=\"fld_304767Label\" for=\"fld_304767_1\" class=\"control-label\">Objet <span aria-hidden=\"true\" role=\"presentation\" class=\"field_required\" style=\"color:#ee0000;\">*<\/span><\/label>\r\n\t<div class=\"\">\r\n\t\t<input placeholder=\"Objet de votre message\"  required type=\"text\" data-field=\"fld_304767\" class=\" form-control\" id=\"fld_304767_1\" name=\"fld_304767\" value=\"\" data-type=\"text\" aria-required=\"true\"   aria-labelledby=\"fld_304767Label\" >\t\t\t<\/div>\r\n<\/div>\r\n<\/div><\/div><div id=\"CF6045f4a85743c_1-row-3\"  class=\"row \"><div  class=\"col-sm-12  single\"><div data-field-wrapper=\"fld_2001362\" class=\"form-group\" id=\"fld_2001362_1-wrap\">\r\n\t<label id=\"fld_2001362Label\" for=\"fld_2001362_1\" class=\"control-label\">Votre message<\/label>\r\n\t<div class=\"\">\r\n\t\t<textarea name=\"fld_2001362\" value=\"\" data-field=\"fld_2001362\" class=\"form-control\" id=\"fld_2001362_1\" rows=\"4\" placeholder=\"Votre message\"    aria-labelledby=\"fld_2001362Label\" aria-describedby=\"fld_2001362Caption\" ><\/textarea>\n\t\t<span id=\"fld_2001362Caption\" class=\"help-block\">0 de 4500 caract\u00e8res maximum<\/span>\r\n\t<\/div>\r\n<\/div>\r\n<\/div><\/div><div id=\"CF6045f4a85743c_1-row-4\"  class=\"row \"><div  class=\"col-sm-12  single\"><div data-field-wrapper=\"fld_6388440\" class=\"form-group\" id=\"fld_6388440_1-wrap\">\r\n\t<label id=\"fld_6388440Label\" for=\"fld_6388440_1\" class=\"control-label screen-reader-text sr-only\">politique de confidentialit\u00e9<\/label>\r\n\t<div class=\"\">\r\n\t\t\t\t\t\t\t\t\t\t\t<div class=\"checkbox\">\n\t\t\t\t\n                <label                         for=\"fld_6388440_1_opt2027988\"\n                >\n                            <input\n                                data-parsley-required=\"true\" data-parsley-group=\"fld_6388440_1\" data-parsley-multiple=\"fld_6388440_1\"                                type=\"checkbox\"\n                                data-label=\"Merci de bien vouloir accepter notre politique de confidentialit\u00e9*\"\n                                data-field=\"fld_6388440\"\n                                id=\"fld_6388440_1_opt2027988\"\n                                class=\"fld_6388440_1 option-required\"\n                                name=\"fld_6388440[opt2027988]\"\n                                value=\"Merci de bien vouloir accepter notre politique de confidentialit\u00e9*\"\n                                                                data-type=\"checkbox\"\n                                data-checkbox-field=\"fld_6388440_1\"\n                                                                data-calc-value=\"Merci de bien vouloir accepter notre politique de confidentialit\u00e9*\"\n                            >\n                    Merci de bien vouloir accepter notre politique de confidentialit\u00e9*                <\/label>\n\n                \t\t\t\t\t<\/div>\n\t\t\t\t\t\t\t\t\t\t\t<\/div>\r\n<\/div>\r\n<\/div><\/div><div id=\"CF6045f4a85743c_1-row-5\"  class=\"row  last_row\"><div  class=\"col-sm-12  single\"><div data-field-wrapper=\"fld_2446618\" class=\"form-group\" id=\"fld_2446618_1-wrap\">\r\n<div class=\"\">\r\n\t<input  class=\"btn btn-default\" type=\"submit\" name=\"fld_2446618\" id=\"fld_2446618_1\" value=\"Envoyer\" data-field=\"fld_2446618\"  >\n<\/div>\r\n<\/div>\r\n\t<input class=\"button_trigger_1\" type=\"hidden\" name=\"fld_2446618\" id=\"fld_2446618_1_btn\" value=\"\" data-field=\"fld_2446618\"  \/>\n<\/div><\/div><\/form>\r\n<\/div>\r\n\n<p>[\/vc_column_text][\/vc_column][\/vc_row][vc_row el_class=&#8221;contenu-froid&#8221;][vc_column][vc_row_inner][vc_column_inner][vc_column_text]Nous comptons au sein de l\u2019\u00e9quipe Wesak Paris, Mina Gautier, cr\u00e9atrice-parfumeuse qui a \u00e9labor\u00e9 les senteurs exceptionnelles des Elixirs Lunaires de Wesak Paris.<\/p>\n<p>C\u2019est avec une grande fiert\u00e9 que nous vous annon\u00e7ons que Wesak Paris a re\u00e7u le prix H.Pierantoni de l\u2019innovation 2021.<\/p>\n<p>Le Wesak est une c\u00e9l\u00e9bration spirituelle en lien avec la Pleine Lune, qui se produit chaque anne\u0301e en Taureau aux mois de mai et d&#8217;avril. C\u2019est l\u2019union d\u2019\u00e9nergies bienveillantes et lumineuses descendues gue\u0301rir la Terre. La Lune, cet astre si loin et si proche. Son influence n\u2019est plus a\u0300 de\u0301montrer. N\u2019agit-elle pas sur les mare\u0301es, et les ressacs des a\u0302mes humaines, depuis des mille\u0301naires ? Suscitant un e\u0301veil a\u0300 la conscience de soi, et au pouvoir amplifie\u0301 de nos e\u0301motions.<\/p>\n<p>L\u2019alliance de la lithoth\u00e9rapie et d\u2019essences ve\u0301ge\u0301tales pre\u0301cieuses au service d\u2019une beaut\u00e9 d\u2019exception<\/p>\n<p>L\u2019\u00e9nergie vibratoire des cristaux, la richesse et la fragrance des huiles v\u00e9g\u00e9tales bio 100% naturelles parfum\u00e9es.<\/p>\n<p>L\u2019alliance ine\u0301dite de la lithothe\u0301rapie (soin par les mine\u0301raux) et d\u2019essences ve\u0301ge\u0301tales pre\u0301cieuses constitue la clef d\u2019un concept beaute\u0301, ou\u0300 le respect de soi, des autres et de la nature est primordial.<\/p>\n<p>Nous avons choisi de vous proposer un bien-\u00eatre respectueux de soi et de l\u2019environnement.<\/p>\n<p>Les mati\u00e8res premi\u00e8res sont 100 % naturelles, sans aucune substance controvers\u00e9e. Les flacons sont rechargeables, r\u00e9utilisables, recyclables, et sont doubl\u00e9s de recharges 50 ml pour les Elixirs Lunaires.<\/p>\n<p>Pour la qu\u00eate profonde d\u2019un mieux-\u00eatre Wesak Paris reconna\u00eet l\u2019importance d\u2019une alliance apais\u00e9e avec la nature et les ressources de la terre.<\/p>\n<p>Wesak Paris, une entreprise de luxe \u00e9thique ? Ce n\u2019est pas de la magie, c\u2019est l\u2019\u00e2me qui agit\u2026[\/vc_column_text][\/vc_column_inner][\/vc_row_inner][\/vc_column][\/vc_row]<\/p>\n","protected":false},"excerpt":{"rendered":"<p>[vc_row][vc_column][vc_empty_space height=&#8221;100px&#8221; el_class=&#8221;petit-espace-home&#8221;][vc_column_text el_class=&#8221;contact-titre h2-center&#8221;] contact [\/vc_column_text][vc_empty_space height=&#8221;100px&#8221; el_class=&#8221;petit-espace-home&#8221;][\/vc_column][\/vc_row][vc_row el_class=&#8221;ligne-contact&#8221;][vc_column width=&#8221;1\/2&#8243; el_class=&#8221;colonne-gauche-contact&#8221;][vc_column_text el_class=&#8221;contact-sous-titre&#8221;]Contactez-nous![\/vc_column_text][vc_column_text el_class=&#8221;contact-desc&#8221;][\/vc_column_text][\/vc_column][vc_column width=&#8221;1\/2&#8243; el_class=&#8221;colonne-droite-contact&#8221;][vc_column_text] [\/vc_column_text][\/vc_column][\/vc_row][vc_row el_class=&#8221;contenu-froid&#8221;][vc_column][vc_row_inner][vc_column_inner][vc_column_text]Nous comptons au sein de l\u2019\u00e9quipe Wesak Paris, Mina Gautier, cr\u00e9atrice-parfumeuse qui a \u00e9labor\u00e9 les senteurs exceptionnelles des Elixirs Lunaires de Wesak Paris. C\u2019est avec une grande fiert\u00e9 que nous vous annon\u00e7ons que Wesak Paris a re\u00e7u le<\/p>\n","protected":false},"author":1,"featured_media":0,"parent":0,"menu_order":0,"comment_status":"closed","ping_status":"closed","template":"","meta":{"_seopress_robots_primary_cat":"","inline_featured_image":false},"acf":[],"_links":{"self":[{"href":"https:\/\/wesakparis.com\/fr\/wp-json\/wp\/v2\/pages\/14"}],"collection":[{"href":"https:\/\/wesakparis.com\/fr\/wp-json\/wp\/v2\/pages"}],"about":[{"href":"https:\/\/wesakparis.com\/fr\/wp-json\/wp\/v2\/types\/page"}],"author":[{"embeddable":true,"href":"https:\/\/wesakparis.com\/fr\/wp-json\/wp\/v2\/users\/1"}],"replies":[{"embeddable":true,"href":"https:\/\/wesakparis.com\/fr\/wp-json\/wp\/v2\/comments?post=14"}],"version-history":[{"count":2,"href":"https:\/\/wesakparis.com\/fr\/wp-json\/wp\/v2\/pages\/14\/revisions"}],"predecessor-version":[{"id":3526,"href":"https:\/\/wesakparis.com\/fr\/wp-json\/wp\/v2\/pages\/14\/revisions\/3526"}],"wp:attachment":[{"href":"https:\/\/wesakparis.com\/fr\/wp-json\/wp\/v2\/media?parent=14"}],"curies":[{"name":"wp","href":"https:\/\/api.w.org\/{rel}","templated":true}]}}