{"id":192,"date":"2021-03-08T11:28:35","date_gmt":"2021-03-08T10:28:35","guid":{"rendered":"https:\/\/wesakparis.com\/?page_id=192"},"modified":"2021-11-15T15:41:19","modified_gmt":"2021-11-15T14:41:19","slug":"boutique","status":"publish","type":"page","link":"https:\/\/wesakparis.com\/fr\/boutique\/","title":{"rendered":"Produits"},"content":{"rendered":"<p>[vc_row][vc_column][\/vc_column][\/vc_row][vc_row][vc_column][vc_row_inner][vc_column_inner][vc_column_text el_class=&#8221;contenu-froid&#8221;]Pour bien profiter du bienfait de toutes les pierres, elle peuvent \u00eatre utilis\u00e9es sous plusieurs mani\u00e8res. L\u2019utilisation durant le sommeil ou les bains quotidiens sont les plus simples. Selon les attentes \u00e9galement, l\u2019emplacement de la pierre d\u00e9termine son utilisation. Pour avoir un c\u0153ur doux et tendre, mieux vaut la porter comme pendentif. S\u2019il concerne un projet pour le travail, on la placera sur le bureau. Et pour une r\u00e9ussite dans le cadre amoureux, il est n\u00e9cessaire de l\u2019avoir toujours avec vous. Suivez tous les conseils pour choisir le meilleur produit pour vous.[\/vc_column_text][\/vc_column_inner][\/vc_row_inner][\/vc_column][\/vc_row]<\/p>\n","protected":false},"excerpt":{"rendered":"<p>[vc_row][vc_column][\/vc_column][\/vc_row][vc_row][vc_column][vc_row_inner][vc_column_inner][vc_column_text el_class=&#8221;contenu-froid&#8221;]Pour bien profiter du bienfait de toutes les pierres, elle peuvent \u00eatre utilis\u00e9es sous plusieurs mani\u00e8res. L\u2019utilisation durant le sommeil ou les bains quotidiens sont les plus simples. Selon les attentes \u00e9galement, l\u2019emplacement de la pierre d\u00e9termine son utilisation. Pour avoir un c\u0153ur doux et tendre, mieux vaut la porter comme pendentif. S\u2019il concerne<\/p>\n","protected":false},"author":1,"featured_media":0,"parent":0,"menu_order":0,"comment_status":"closed","ping_status":"closed","template":"","meta":{"_seopress_robots_primary_cat":"","inline_featured_image":false},"acf":[],"_links":{"self":[{"href":"https:\/\/wesakparis.com\/fr\/wp-json\/wp\/v2\/pages\/192"}],"collection":[{"href":"https:\/\/wesakparis.com\/fr\/wp-json\/wp\/v2\/pages"}],"about":[{"href":"https:\/\/wesakparis.com\/fr\/wp-json\/wp\/v2\/types\/page"}],"author":[{"embeddable":true,"href":"https:\/\/wesakparis.com\/fr\/wp-json\/wp\/v2\/users\/1"}],"replies":[{"embeddable":true,"href":"https:\/\/wesakparis.com\/fr\/wp-json\/wp\/v2\/comments?post=192"}],"version-history":[{"count":0,"href":"https:\/\/wesakparis.com\/fr\/wp-json\/wp\/v2\/pages\/192\/revisions"}],"wp:attachment":[{"href":"https:\/\/wesakparis.com\/fr\/wp-json\/wp\/v2\/media?parent=192"}],"curies":[{"name":"wp","href":"https:\/\/api.w.org\/{rel}","templated":true}]}}