{"id":219,"date":"2021-03-08T12:04:34","date_gmt":"2021-03-08T11:04:34","guid":{"rendered":"https:\/\/wesakparis.com\/?page_id=219"},"modified":"2024-10-30T16:35:05","modified_gmt":"2024-10-30T15:35:05","slug":"notre-philosophie","status":"publish","type":"page","link":"https:\/\/wesakparis.com\/fr\/notre-philosophie\/","title":{"rendered":"Notre philosophie"},"content":{"rendered":"<p>[vc_row full_width=&#8221;stretch_row_content_no_spaces&#8221;][vc_column][vc_single_image image=&#8221;1382&#8243; img_size=&#8221;full&#8221;][\/vc_column][\/vc_row][vc_row el_class=&#8221;margin-moyen&#8221;][vc_column][vc_empty_space height=&#8221;60px&#8221; el_class=&#8221;petit-espace-home&#8221;][vc_column_text el_id=&#8221;titre&#8221; el_class=&#8221;h2-center&#8221;]<\/p>\n<h2>notre philosophie<\/h2>\n<p>[\/vc_column_text][vc_empty_space height=&#8221;60px&#8221; el_class=&#8221;petit-espace-home&#8221;][\/vc_column][\/vc_row][vc_row full_width=&#8221;stretch_row_content_no_spaces&#8221; el_class=&#8221;slider-and-text philosophie&#8221; el_id=&#8221;1&#8243;][vc_column width=&#8221;1\/2&#8243; el_class=&#8221;img-resize&#8221;][vc_single_image image=&#8221;2223&#8243; img_size=&#8221;full&#8221; alignment=&#8221;center&#8221; css=&#8221;.vc_custom_1624041809690{margin-bottom: 0px !important;}&#8221;][\/vc_column][vc_column width=&#8221;1\/2&#8243; el_class=&#8221;mini-slider-text text-philosophie&#8221;][vc_column_text el_class=&#8221;desc-droite&#8221;]D\u00e9j\u00e0 dans l\u2019Antiquit\u00e9 Grecque, le c\u00e9l\u00e8bre philosophe Platon le disait:<br \/>\n<em>&#8220;On ne peut gu\u00e9rir la partie sans soigner le tout. On ne doit pas prendre soin du corps s\u00e9par\u00e9 de l\u2019\u00e2me.&#8221;<\/em><\/p>\n<p>Ses paroles de sagesse viennent reprendre un savoir ancestral qui reconnait, depuis des mill\u00e9naires, ce lien profond qui unit la sant\u00e9 du corps et celle de l\u2019esprit.<\/p>\n<p>Chez Wesak Paris, nous avons fait le choix de faire de ce lien esprit-corps le socle de nos valeurs.[\/vc_column_text][\/vc_column][\/vc_row][vc_row full_width=&#8221;stretch_row_content_no_spaces&#8221; el_class=&#8221;margin-moyen&#8221;][vc_column][vc_empty_space height=&#8221;60px&#8221; el_class=&#8221;petit-espace-home&#8221;][vc_column_text el_class=&#8221;citation-philo&#8221;]<\/p>\n<blockquote>\n<h3 style=\"text-align: center;\">\u201cOn ne doit pas prendre soin du corps s\u00e9par\u00e9 de l\u2019\u00e2me,<\/h3>\n<h3 style=\"text-align: center;\">et pour que l\u2019esprit et le corps retrouvent l\u2019apaisement,<\/h3>\n<h3 style=\"text-align: center;\">il faut commencer par soigner l\u2019\u00e2me.\u201d<\/h3>\n<\/blockquote>\n<p>[\/vc_column_text][vc_column_text el_class=&#8221;citation-philo auteur-citation&#8221;]<\/p>\n<h5 style=\"text-align: center;\"><strong>P L A T O N<\/strong><\/h5>\n<p>[\/vc_column_text][vc_empty_space height=&#8221;60px&#8221; el_class=&#8221;petit-espace-home&#8221;][\/vc_column][\/vc_row][vc_row full_width=&#8221;stretch_row_content_no_spaces&#8221; el_class=&#8221;slider-and-text philosophie&#8221; el_id=&#8221;2&#8243;][vc_column width=&#8221;1\/2&#8243; el_class=&#8221;mini-slider-text text-philosophie&#8221;][vc_column_text el_class=&#8221;desc-gauche&#8221;]Les associations avec les huiles essentielles et huiles v\u00e9g\u00e9tales ont \u00e9t\u00e9 con\u00e7ues, avec l&#8217;expertise de la sp\u00e9cialiste en parfums mondialement reconnue, <a href=\"https:\/\/byminagautier.com\/la-haute-parfumerie\/\">Mina Gautier<\/a>, pour optimiser les synergies.<\/p>\n<p>Notre gamme de produits exclusifs:<br \/>\n&#8211;<a href=\"https:\/\/wesakparis.com\/produits\/\">Elixirs Lunaires<\/a>\u00a0: pour des instants privil\u00e9gi\u00e9s de beaut\u00e9, qui prennent soin de votre bien-\u00eatre<br \/>\n-Recharges Elixirs Lunaires : Pour recharger, r\u00e9utiliser et recycler nos Roll-on Wesak paris.<\/p>\n<p><strong>Wesak Paris\u00a0: une parenth\u00e8se pr\u00e9cieuse pour aider l\u2019\u00e2me et le corps \u00e0 retrouver leur unit\u00e9.<\/strong>[\/vc_column_text][\/vc_column][vc_column width=&#8221;1\/2&#8243; el_class=&#8221;img-resize&#8221;][vc_single_image image=&#8221;2225&#8243; img_size=&#8221;full&#8221; alignment=&#8221;center&#8221;][\/vc_column][\/vc_row][vc_row el_class=&#8221;nos-best-sellers&#8221;][vc_column][vc_empty_space height=&#8221;150px&#8221; el_class=&#8221;grand-espace-home&#8221;][vc_column_text el_class=&#8221;h2-center&#8221;]<\/p>\n<h2>NOS BEST SELLERS<\/h2>\n<p>[\/vc_column_text][vc_empty_space height=&#8221;80px&#8221; el_class=&#8221;petit-espace-home&#8221;]    <div class=\"produits-elixirs bestsellers\">\n                               <a href=\"https:\/\/wesakparis.com\/fr\/produit\/elixir-lunaire-amethyste-parfum-poudre\/\">\n                <div class=\"produits\"> \n                        <div class=\"info-produits\">\n                        <div class=\"produit-header\">\n                            <!-- si recharge ou elixir -->\n                                <h2>\n                                    am\u00e9thyste                                        <br \/>\n                                     \u00e9lixir lunaire\n                        <\/div>                           \n                                                    <h3>parfum poudr\u00e9 |  50ml <\/h3>\n                                                    <p class=\"prix\">79\u20ac<\/p>\n                        <\/div>   \n                    <div class=\"photo-produits\">\n                        <img alt=\"best-sellers\" src=\"https:\/\/wesakparis.com\/wp-content\/uploads\/2021\/03\/elixir-detoure\u0301-site-AMETHYSTE-1.png\">\n                    <\/div>\n\n                <\/div>   \n               <\/a> \n                               <a href=\"https:\/\/wesakparis.com\/fr\/produit\/elixir-lunaire-aventurine-verte-parfum-floral\/\">\n                <div class=\"produits\"> \n                        <div class=\"info-produits\">\n                        <div class=\"produit-header\">\n                            <!-- si recharge ou elixir -->\n                                <h2>\n                                    aventurine                                        <br \/>\n                                     \u00e9lixir lunaire\n                        <\/div>                           \n                                                    <h3>parfum floral |  50ML <\/h3>\n                                                    <p class=\"prix\">79\u20ac<\/p>\n                        <\/div>   \n                    <div class=\"photo-produits\">\n                        <img alt=\"best-sellers\" src=\"https:\/\/wesakparis.com\/wp-content\/uploads\/2021\/03\/elixir-detoure\u0301-site-AVENTURINE-1.png\">\n                    <\/div>\n\n                <\/div>   \n               <\/a> \n                               <a href=\"https:\/\/wesakparis.com\/fr\/produit\/elixir-lunaire-obsidienne-parfum-neutre\/\">\n                <div class=\"produits\"> \n                        <div class=\"info-produits\">\n                        <div class=\"produit-header\">\n                            <!-- si recharge ou elixir -->\n                                <h2>\n                                    obsidienne                                        <br \/>\n                                     \u00e9lixir lunaire\n                        <\/div>                           \n                                                    <h3>parfum neutre |  50ML <\/h3>\n                                                    <p class=\"prix\">69\u20ac<\/p>\n                        <\/div>   \n                    <div class=\"photo-produits\">\n                        <img alt=\"best-sellers\" src=\"https:\/\/wesakparis.com\/wp-content\/uploads\/2021\/03\/elixir-detoure\u0301-site-OBSIDIENNE-1.png\">\n                    <\/div>\n\n                <\/div>   \n               <\/a> \n                               <a href=\"https:\/\/wesakparis.com\/fr\/produit\/elixir-lunaire-quartz-rose-parfum-rose\/\">\n                <div class=\"produits\"> \n                        <div class=\"info-produits\">\n                        <div class=\"produit-header\">\n                            <!-- si recharge ou elixir -->\n                                <h2>\n                                    quartz rose                                        <br \/>\n                                    \u00e9lixir lunaire\n                        <\/div>                           \n                                                    <h3>parfum rose |  50ML <\/h3>\n                                                    <p class=\"prix\">79\u20ac<\/p>\n                        <\/div>   \n                    <div class=\"photo-produits\">\n                        <img alt=\"best-sellers\" src=\"https:\/\/wesakparis.com\/wp-content\/uploads\/2021\/03\/elixir-detoure\u0301-site-QUARTZ-1.png\">\n                    <\/div>\n\n                <\/div>   \n               <\/a> \n                          \n\n  <\/div>\n    [vc_empty_space height=&#8221;150px&#8221; el_class=&#8221;grand-espace-home&#8221;][\/vc_column][\/vc_row]<\/p>\n","protected":false},"excerpt":{"rendered":"<p>[vc_row full_width=&#8221;stretch_row_content_no_spaces&#8221;][vc_column][vc_single_image image=&#8221;1382&#8243; img_size=&#8221;full&#8221;][\/vc_column][\/vc_row][vc_row el_class=&#8221;margin-moyen&#8221;][vc_column][vc_empty_space height=&#8221;60px&#8221; el_class=&#8221;petit-espace-home&#8221;][vc_column_text el_id=&#8221;titre&#8221; el_class=&#8221;h2-center&#8221;] notre philosophie [\/vc_column_text][vc_empty_space height=&#8221;60px&#8221; el_class=&#8221;petit-espace-home&#8221;][\/vc_column][\/vc_row][vc_row full_width=&#8221;stretch_row_content_no_spaces&#8221; el_class=&#8221;slider-and-text philosophie&#8221; el_id=&#8221;1&#8243;][vc_column width=&#8221;1\/2&#8243; el_class=&#8221;img-resize&#8221;][vc_single_image image=&#8221;2223&#8243; img_size=&#8221;full&#8221; alignment=&#8221;center&#8221; css=&#8221;.vc_custom_1624041809690{margin-bottom: 0px !important;}&#8221;][\/vc_column][vc_column width=&#8221;1\/2&#8243; el_class=&#8221;mini-slider-text text-philosophie&#8221;][vc_column_text el_class=&#8221;desc-droite&#8221;]D\u00e9j\u00e0 dans l\u2019Antiquit\u00e9 Grecque, le c\u00e9l\u00e8bre philosophe Platon le disait: &#8220;On ne peut gu\u00e9rir la partie sans soigner le tout. On ne doit pas prendre soin<\/p>\n","protected":false},"author":1,"featured_media":0,"parent":0,"menu_order":0,"comment_status":"closed","ping_status":"closed","template":"","meta":{"_seopress_robots_primary_cat":"","inline_featured_image":false},"acf":[],"_links":{"self":[{"href":"https:\/\/wesakparis.com\/fr\/wp-json\/wp\/v2\/pages\/219"}],"collection":[{"href":"https:\/\/wesakparis.com\/fr\/wp-json\/wp\/v2\/pages"}],"about":[{"href":"https:\/\/wesakparis.com\/fr\/wp-json\/wp\/v2\/types\/page"}],"author":[{"embeddable":true,"href":"https:\/\/wesakparis.com\/fr\/wp-json\/wp\/v2\/users\/1"}],"replies":[{"embeddable":true,"href":"https:\/\/wesakparis.com\/fr\/wp-json\/wp\/v2\/comments?post=219"}],"version-history":[{"count":2,"href":"https:\/\/wesakparis.com\/fr\/wp-json\/wp\/v2\/pages\/219\/revisions"}],"predecessor-version":[{"id":4167,"href":"https:\/\/wesakparis.com\/fr\/wp-json\/wp\/v2\/pages\/219\/revisions\/4167"}],"wp:attachment":[{"href":"https:\/\/wesakparis.com\/fr\/wp-json\/wp\/v2\/media?parent=219"}],"curies":[{"name":"wp","href":"https:\/\/api.w.org\/{rel}","templated":true}]}}