{"id":220,"date":"2021-03-08T12:04:41","date_gmt":"2021-03-08T11:04:41","guid":{"rendered":"https:\/\/wesakparis.com\/?page_id=220"},"modified":"2024-10-30T16:31:38","modified_gmt":"2024-10-30T15:31:38","slug":"produits","status":"publish","type":"page","link":"https:\/\/wesakparis.com\/fr\/produits\/","title":{"rendered":"Produits Wesak Paris"},"content":{"rendered":"<p>[vc_row][vc_column]    <div class=\"produits-elixirs\">\n          <div id=\"prod_elixir\" class=\"titre\"><h2>wesak \u00e9lixirs lunaires<\/h2><\/div>\n          <h2 class=\"sous-titre-intro\" style=\"color:#0c0202;font-size:18px;\">Quand la beaut\u00e9 rencontre la lithoth\u00e9rapie<\/h2>\n            <div class=\"produits-rangee\">\n                <div class=\"visuel-fixe\">\n                    <img alt=\"visuel-fixe-elixirs\" src=\"https:\/\/wesakparis.com\/wp-content\/uploads\/2021\/11\/wesak2-1.jpg\">\n                <\/div>\n                               <a href=\"https:\/\/wesakparis.com\/fr\/produit\/elixir-lunaire-amethyste-parfum-poudre\/\">\n                <div class=\"produits\"> \n                        <div class=\"info-produits\">\n                            <div class=\"produit-header\">\n                                <h2>\n                                    am\u00e9thyste                                        <br \/>\n                                     \u00e9lixir lunaire                                        \n                                <\/h2>\n                            <\/div>\n                                                        <h3>parfum poudr\u00e9 |  50ml<\/h3>\n                             \n                            <p class=\"prix\">79\u20ac<\/p>                 \n                        <\/div>   \n                    <div class=\"photo-produits\">\n                        <img alt=\"photo-produit-elixirs\" src=\"https:\/\/wesakparis.com\/wp-content\/uploads\/2021\/03\/elixir-detoure\u0301-site-AMETHYSTE-1.png\">\n                    <\/div>\n\n                <\/div>   \n               <\/a> \n                               <a href=\"https:\/\/wesakparis.com\/fr\/produit\/elixir-lunaire-aventurine-verte-parfum-floral\/\">\n                <div class=\"produits\"> \n                        <div class=\"info-produits\">\n                            <div class=\"produit-header\">\n                                <h2>\n                                    aventurine                                        <br \/>\n                                     \u00e9lixir lunaire                                        \n                                <\/h2>\n                            <\/div>\n                                                        <h3>parfum floral |  50ML<\/h3>\n                             \n                            <p class=\"prix\">79\u20ac<\/p>                 \n                        <\/div>   \n                    <div class=\"photo-produits\">\n                        <img alt=\"photo-produit-elixirs\" src=\"https:\/\/wesakparis.com\/wp-content\/uploads\/2021\/03\/elixir-detoure\u0301-site-AVENTURINE-1.png\">\n                    <\/div>\n\n                <\/div>   \n               <\/a> \n                               <a href=\"https:\/\/wesakparis.com\/fr\/produit\/elixir-lunaire-obsidienne-parfum-neutre\/\">\n                <div class=\"produits\"> \n                        <div class=\"info-produits\">\n                            <div class=\"produit-header\">\n                                <h2>\n                                    obsidienne                                        <br \/>\n                                     \u00e9lixir lunaire                                        \n                                <\/h2>\n                            <\/div>\n                                                        <h3>parfum neutre |  50ML<\/h3>\n                             \n                            <p class=\"prix\">69\u20ac<\/p>                 \n                        <\/div>   \n                    <div class=\"photo-produits\">\n                        <img alt=\"photo-produit-elixirs\" src=\"https:\/\/wesakparis.com\/wp-content\/uploads\/2021\/03\/elixir-detoure\u0301-site-OBSIDIENNE-1.png\">\n                    <\/div>\n\n                <\/div>   \n               <\/a> \n                               <a href=\"https:\/\/wesakparis.com\/fr\/produit\/elixir-lunaire-quartz-rose-parfum-rose\/\">\n                <div class=\"produits\"> \n                        <div class=\"info-produits\">\n                            <div class=\"produit-header\">\n                                <h2>\n                                    quartz rose                                        <br \/>\n                                    \u00e9lixir lunaire                                        \n                                <\/h2>\n                            <\/div>\n                                                        <h3>parfum rose |  50ML<\/h3>\n                             \n                            <p class=\"prix\">79\u20ac<\/p>                 \n                        <\/div>   \n                    <div class=\"photo-produits\">\n                        <img alt=\"photo-produit-elixirs\" src=\"https:\/\/wesakparis.com\/wp-content\/uploads\/2021\/03\/elixir-detoure\u0301-site-QUARTZ-1.png\">\n                    <\/div>\n\n                <\/div>   \n               <\/a> \n                               <a href=\"https:\/\/wesakparis.com\/fr\/produit\/elixir-lunaire-sodalite-parfum-boise\/\">\n                <div class=\"produits\"> \n                        <div class=\"info-produits\">\n                            <div class=\"produit-header\">\n                                <h2>\n                                    sodalite                                        <br \/>\n                                     \u00e9lixir lunaire                                        \n                                <\/h2>\n                            <\/div>\n                                                        <h3>parfum bois\u00e9 |  50ML<\/h3>\n                             \n                            <p class=\"prix\">79\u20ac<\/p>                 \n                        <\/div>   \n                    <div class=\"photo-produits\">\n                        <img alt=\"photo-produit-elixirs\" src=\"https:\/\/wesakparis.com\/wp-content\/uploads\/2021\/03\/elixir-detoure\u0301-site-SODALITE-1.png\">\n                    <\/div>\n\n                <\/div>   \n               <\/a> \n                               <a href=\"https:\/\/wesakparis.com\/fr\/produit\/sodalite-elixir-lunaire-10ml\/\">\n                <div class=\"produits\"> \n                        <div class=\"info-produits\">\n                            <div class=\"produit-header\">\n                                <h2>\n                                    sodalite                                        <br \/>\n                                     \u00e9lixir lunaire 10ml                                        \n                                <\/h2>\n                            <\/div>\n                                                        <h3>parfum bois\u00e9 |  10ML<\/h3>\n                             \n                            <p class=\"prix\">25\u20ac<\/p>                 \n                        <\/div>   \n                    <div class=\"photo-produits\">\n                        <img alt=\"photo-produit-elixirs\" src=\"https:\/\/wesakparis.com\/wp-content\/uploads\/2022\/01\/wezak-elixir-sodalite-10ml.png\">\n                    <\/div>\n\n                <\/div>   \n               <\/a> \n                               <a href=\"https:\/\/wesakparis.com\/fr\/produit\/quartz-rose-elixir-lunaire-10ml\/\">\n                <div class=\"produits\"> \n                        <div class=\"info-produits\">\n                            <div class=\"produit-header\">\n                                <h2>\n                                    quartz rose                                        <br \/>\n                                    \u00e9lixir lunaire 10ml                                        \n                                <\/h2>\n                            <\/div>\n                                                        <h3>parfum rose |  10ML<\/h3>\n                             \n                            <p class=\"prix\">25\u20ac<\/p>                 \n                        <\/div>   \n                    <div class=\"photo-produits\">\n                        <img alt=\"photo-produit-elixirs\" src=\"https:\/\/wesakparis.com\/wp-content\/uploads\/2022\/01\/wezak-elixir-quartz-rose-10ml.png\">\n                    <\/div>\n\n                <\/div>   \n               <\/a> \n                               <a href=\"https:\/\/wesakparis.com\/fr\/produit\/obsidienne-elixir-lunaire-10ml\/\">\n                <div class=\"produits\"> \n                        <div class=\"info-produits\">\n                            <div class=\"produit-header\">\n                                <h2>\n                                    obsidienne                                        <br \/>\n                                     \u00e9lixir lunaire 10ml                                        \n                                <\/h2>\n                            <\/div>\n                                                        <h3>parfum neutre |  10ML<\/h3>\n                             \n                            <p class=\"prix\">20\u20ac<\/p>                 \n                        <\/div>   \n                    <div class=\"photo-produits\">\n                        <img alt=\"photo-produit-elixirs\" src=\"https:\/\/wesakparis.com\/wp-content\/uploads\/2022\/01\/wezak-elixir-obsidienne-10ml.png\">\n                    <\/div>\n\n                <\/div>   \n               <\/a> \n                               <a href=\"https:\/\/wesakparis.com\/fr\/produit\/aventurine-elixir-lunaire-10ml\/\">\n                <div class=\"produits\"> \n                        <div class=\"info-produits\">\n                            <div class=\"produit-header\">\n                                <h2>\n                                    aventurine                                        <br \/>\n                                     \u00e9lixir lunaire 10ml                                        \n                                <\/h2>\n                            <\/div>\n                                                        <h3>parfum floral |  10ML<\/h3>\n                             \n                            <p class=\"prix\">25\u20ac<\/p>                 \n                        <\/div>   \n                    <div class=\"photo-produits\">\n                        <img alt=\"photo-produit-elixirs\" src=\"https:\/\/wesakparis.com\/wp-content\/uploads\/2022\/01\/wezak-elixir-aventurine-10ml.png\">\n                    <\/div>\n\n                <\/div>   \n               <\/a> \n                               <a href=\"https:\/\/wesakparis.com\/fr\/produit\/amethyste-elixir-lunaire-10ml\/\">\n                <div class=\"produits\"> \n                        <div class=\"info-produits\">\n                            <div class=\"produit-header\">\n                                <h2>\n                                    am\u00e9thyste                                        <br \/>\n                                     \u00e9lixir lunaire                                        \n                                <\/h2>\n                            <\/div>\n                                                        <h3>parfum poudr\u00e9 |  10ml<\/h3>\n                             \n                            <p class=\"prix\">25\u20ac<\/p>                 \n                        <\/div>   \n                    <div class=\"photo-produits\">\n                        <img alt=\"photo-produit-elixirs\" src=\"https:\/\/wesakparis.com\/wp-content\/uploads\/2022\/01\/wezak-elixir-amethyste-10ml.png\">\n                    <\/div>\n\n                <\/div>   \n               <\/a> \n                            <\/div>\n\n  <\/div>\n    [\/vc_column][\/vc_row][vc_row][vc_column]    <div class=\"produits-elixirs\">\n          <div class=\"titre\"><h2>recharges \u00e9lixirs lunaires<\/h2><\/div>\n          <h2 class=\"sous-titre-intro\" style=\"color:#0a0a0a;font-size:18px;\">harmonie et lithocosm\u00e9tique<\/h2>\n            <div class=\"produits-rangee\">\n                <div class=\"visuel-fixe\">\n                    <img alt=\"visuel-recharge\" src=\"https:\/\/wesakparis.com\/wp-content\/uploads\/2021\/07\/recharge-groupe-virginie.jpg\">\n                <\/div>\n                               <a href=\"https:\/\/wesakparis.com\/fr\/produit\/aventurine-recharge-elixir-lunaire\/\">\n                <div class=\"produits\"> \n                        <div class=\"info-produits\">\n                            <div class=\"produit-header\">\n                                <h2>\n                                    aventurine                                        <br \/>\n                                     recharge \u00e9lixir lunaire                                        \n                                <\/h2>\n                            <\/div>\n                                                  <h3>parfum floral |  50ML <\/h3>\n                                                        <p class=\"prix\">35\u20ac<\/p> \n                        <\/div>  \n                    <div class=\"photo-produits\">\n                        <img alt=\"photo-produits-recharge\" src=\"https:\/\/wesakparis.com\/wp-content\/uploads\/2021\/03\/Recharge-AVENTURINE.png\">\n                    <\/div>\n\n                <\/div>   \n               <\/a> \n                               <a href=\"https:\/\/wesakparis.com\/fr\/produit\/recharge-quartz-rose-elixir-lunaire\/\">\n                <div class=\"produits\"> \n                        <div class=\"info-produits\">\n                            <div class=\"produit-header\">\n                                <h2>\n                                    quartz rose                                        <br \/>\n                                    recharge \u00e9lixir lunaire                                        \n                                <\/h2>\n                            <\/div>\n                                                  <h3>parfum rose |  50ML <\/h3>\n                                                        <p class=\"prix\">35\u20ac<\/p> \n                        <\/div>  \n                    <div class=\"photo-produits\">\n                        <img alt=\"photo-produits-recharge\" src=\"https:\/\/wesakparis.com\/wp-content\/uploads\/2021\/03\/Recharge-QUARTZ.png\">\n                    <\/div>\n\n                <\/div>   \n               <\/a> \n                               <a href=\"https:\/\/wesakparis.com\/fr\/produit\/recharge-sodalite-elixir-lunaire\/\">\n                <div class=\"produits\"> \n                        <div class=\"info-produits\">\n                            <div class=\"produit-header\">\n                                <h2>\n                                    sodalite                                        <br \/>\n                                     recharge \u00e9lixir lunaire                                        \n                                <\/h2>\n                            <\/div>\n                                                  <h3>parfum bois\u00e9 |  50ML <\/h3>\n                                                        <p class=\"prix\">35\u20ac<\/p> \n                        <\/div>  \n                    <div class=\"photo-produits\">\n                        <img alt=\"photo-produits-recharge\" src=\"https:\/\/wesakparis.com\/wp-content\/uploads\/2021\/03\/Recharge-SODALITE.png\">\n                    <\/div>\n\n                <\/div>   \n               <\/a> \n                               <a href=\"https:\/\/wesakparis.com\/fr\/produit\/recharge-obsidienne-elixir-lunaire\/\">\n                <div class=\"produits\"> \n                        <div class=\"info-produits\">\n                            <div class=\"produit-header\">\n                                <h2>\n                                    obsidienne                                        <br \/>\n                                     recharge \u00e9lixir lunaire                                        \n                                <\/h2>\n                            <\/div>\n                                                  <h3>parfum neutre |  50ML <\/h3>\n                                                        <p class=\"prix\">30\u20ac<\/p> \n                        <\/div>  \n                    <div class=\"photo-produits\">\n                        <img alt=\"photo-produits-recharge\" src=\"https:\/\/wesakparis.com\/wp-content\/uploads\/2021\/03\/Recharge-OBSIDIENNE.png\">\n                    <\/div>\n\n                <\/div>   \n               <\/a> \n                               <a href=\"https:\/\/wesakparis.com\/fr\/produit\/recharge-amethyste-elixir-lunaire\/\">\n                <div class=\"produits\"> \n                        <div class=\"info-produits\">\n                            <div class=\"produit-header\">\n                                <h2>\n                                    am\u00e9thyste                                        <br \/>\n                                     recharge \u00e9lixir lunaire                                        \n                                <\/h2>\n                            <\/div>\n                                                  <h3>parfum poudr\u00e9 |  50ML <\/h3>\n                                                        <p class=\"prix\">35\u20ac<\/p> \n                        <\/div>  \n                    <div class=\"photo-produits\">\n                        <img alt=\"photo-produits-recharge\" src=\"https:\/\/wesakparis.com\/wp-content\/uploads\/2021\/03\/Recharge-AMETHYSTE.png\">\n                    <\/div>\n\n                <\/div>   \n               <\/a> \n                            <\/div>\n\n  <\/div>\n    [\/vc_column][\/vc_row][vc_row][vc_column]   \n   <!--  <div id=\"prod_aromatherapie\" class=\"produits-elixirs\">\n          <div class=\"titre\"><h2>wesak aromath\u00e9rapie<\/h2><\/div>\n            <div class=\"produits-rangee\">\n              <div class=\"visuel-fixe\"><img src=\"\/wp-content\/uploads\/2021\/03\/bandeau-aromatherapie.jpg\"><\/div>\n                            <\/div>\n\n  <\/div> -->\n    [\/vc_column][\/vc_row][vc_row][vc_column]    <div class=\"produits-elixirs\">\n          <div class=\"titre\"><h2>coffrets elixirs lunaires<\/h2><\/div>\n          <h2 class=\"sous-titre-intro\" style=\"color:#0a0a0a;font-size:18px;\">La Collection Wesak Paris r\u00e9unit dans un \u00e9crin raffin\u00e9 ses 5 \u00e9lixirs lunaires 10 ml dans un coffret d\u00e9couverte et des coffrets beaut\u00e9<\/h2>\n            <div class=\"produits-rangee\">\n                <div class=\"visuel-fixe\">\n                    <img alt=\"visuel-recharge\" src=\"https:\/\/wesakparis.com\/wp-content\/uploads\/2022\/01\/coffret-decouverte-wezak.jpg\">\n                <\/div>\n                               <a href=\"https:\/\/wesakparis.com\/fr\/produit\/coffret-decouverte-wezak-paris\/\">\n                <div class=\"produits\"> \n                        <div class=\"info-produits\">\n                            <div class=\"produit-header\">\n                                <h2>\n                                    Coffret                                        <br \/>\n                                     d\u00e9couverte Elixirs lunaires                                        \n                                <\/h2>\n                            <\/div>\n                                                  <h3>Parfum |  5 flacons de 10ML <\/h3>\n                                                        <p class=\"prix\">99\u20ac<\/p> \n                        <\/div>  \n                    <div class=\"photo-produits\">\n                        <img alt=\"photo-produits-recharge\" src=\"https:\/\/wesakparis.com\/wp-content\/uploads\/2022\/01\/coffret-decouverte-elixirs-lunaires2.jpg\">\n                    <\/div>\n\n                <\/div>   \n               <\/a> \n                               <a href=\"https:\/\/wesakparis.com\/fr\/produit\/coffret-rituel-relaxant-wesak\/\">\n                <div class=\"produits\"> \n                        <div class=\"info-produits\">\n                            <div class=\"produit-header\">\n                                <h2>\n                                    Coffret                                        <br \/>\n                                     Rituel Relaxant &#8211; Wesak                                        \n                                <\/h2>\n                            <\/div>\n                                                  <h3>1 Elixir lunaire 50ml et 2 Gua sha Mushroom |  50 ml <\/h3>\n                                                        <p class=\"prix\">99\u20ac<\/p> \n                        <\/div>  \n                    <div class=\"photo-produits\">\n                        <img alt=\"photo-produits-recharge\" src=\"https:\/\/wesakparis.com\/wp-content\/uploads\/2022\/05\/coffret-rituel-relaxant-guasha-mushroom-quartz-rose-elixir-obsidienne.jpg\">\n                    <\/div>\n\n                <\/div>   \n               <\/a> \n                               <a href=\"https:\/\/wesakparis.com\/fr\/produit\/coffret-rituel-cuir-chevelu-wesak\/\">\n                <div class=\"produits\"> \n                        <div class=\"info-produits\">\n                            <div class=\"produit-header\">\n                                <h2>\n                                    Coffret                                        <br \/>\n                                     Rituel Cuir Chevelu &#8211; Wesak                                        \n                                <\/h2>\n                            <\/div>\n                                                  <h3>1 Elixir lunaire 50ml et 1 Gua sha Peigne |  50 ml <\/h3>\n                                                        <p class=\"prix\">110\u20ac<\/p> \n                        <\/div>  \n                    <div class=\"photo-produits\">\n                        <img alt=\"photo-produits-recharge\" src=\"https:\/\/wesakparis.com\/wp-content\/uploads\/2022\/05\/coffret2-guasha-peigne-elixir-quartz-rose.jpg\">\n                    <\/div>\n\n                <\/div>   \n               <\/a> \n                               <a href=\"https:\/\/wesakparis.com\/fr\/produit\/coffret-rituel-beaute-wesak\/\">\n                <div class=\"produits\"> \n                        <div class=\"info-produits\">\n                            <div class=\"produit-header\">\n                                <h2>\n                                    Coffret                                        <br \/>\n                                     Rituel de Beaut\u00e9 &#8211; Wesak                                        \n                                <\/h2>\n                            <\/div>\n                                                  <h3>1 Elixir lunaire - 1 Guasha Heart - 1 Roller |  10 ml <\/h3>\n                                                        <p class=\"prix\">59\u20ac<\/p> \n                        <\/div>  \n                    <div class=\"photo-produits\">\n                        <img alt=\"photo-produits-recharge\" src=\"https:\/\/wesakparis.com\/wp-content\/uploads\/2022\/05\/coffret1-guasha-heart-roller-quartz-rose-elixir-obsidienne.jpg\">\n                    <\/div>\n\n                <\/div>   \n               <\/a> \n                            <\/div>\n\n  <\/div>\n    [\/vc_column][\/vc_row]<\/p>\n","protected":false},"excerpt":{"rendered":"<p>[vc_row][vc_column][\/vc_column][\/vc_row][vc_row][vc_column][\/vc_column][\/vc_row][vc_row][vc_column][\/vc_column][\/vc_row][vc_row][vc_column][\/vc_column][\/vc_row]<\/p>\n","protected":false},"author":1,"featured_media":0,"parent":0,"menu_order":0,"comment_status":"closed","ping_status":"closed","template":"","meta":{"_seopress_robots_primary_cat":"","inline_featured_image":false},"acf":[],"_links":{"self":[{"href":"https:\/\/wesakparis.com\/fr\/wp-json\/wp\/v2\/pages\/220"}],"collection":[{"href":"https:\/\/wesakparis.com\/fr\/wp-json\/wp\/v2\/pages"}],"about":[{"href":"https:\/\/wesakparis.com\/fr\/wp-json\/wp\/v2\/types\/page"}],"author":[{"embeddable":true,"href":"https:\/\/wesakparis.com\/fr\/wp-json\/wp\/v2\/users\/1"}],"replies":[{"embeddable":true,"href":"https:\/\/wesakparis.com\/fr\/wp-json\/wp\/v2\/comments?post=220"}],"version-history":[{"count":8,"href":"https:\/\/wesakparis.com\/fr\/wp-json\/wp\/v2\/pages\/220\/revisions"}],"predecessor-version":[{"id":4166,"href":"https:\/\/wesakparis.com\/fr\/wp-json\/wp\/v2\/pages\/220\/revisions\/4166"}],"wp:attachment":[{"href":"https:\/\/wesakparis.com\/fr\/wp-json\/wp\/v2\/media?parent=220"}],"curies":[{"name":"wp","href":"https:\/\/api.w.org\/{rel}","templated":true}]}}