{"id":348,"date":"2021-03-12T11:28:25","date_gmt":"2021-03-12T10:28:25","guid":{"rendered":"https:\/\/wesakparis.com\/?page_id=348"},"modified":"2024-10-30T16:51:58","modified_gmt":"2024-10-30T15:51:58","slug":"univers-wesak","status":"publish","type":"page","link":"https:\/\/wesakparis.com\/fr\/univers-wesak\/","title":{"rendered":"Univers Wesak"},"content":{"rendered":"<p>[vc_row][vc_column][vc_empty_space height=&#8221;70px&#8221; el_class=&#8221;petit-espace-home&#8221;][vc_column_text el_id=&#8221;titre&#8221; el_class=&#8221;h2-center titre-univers&#8221;]<\/p>\n<h2>Notre Univers<\/h2>\n<p>[\/vc_column_text][vc_empty_space height=&#8221;70px&#8221; el_class=&#8221;petit-espace-home&#8221;][\/vc_column][\/vc_row][vc_row][vc_column][\/vc_column][\/vc_row][vc_row full_width=&#8221;stretch_row_content_no_spaces&#8221; el_class=&#8221;slider-and-text&#8221; el_id=&#8221;1&#8243;][vc_column width=&#8221;1\/2&#8243;]\n<div class='text-center slidermini-intro'>\n    <div class=\"oneslide\"><img alt='wesak-slider' loading='lazy' src=\" https:\/\/wesakparis.com\/wp-content\/uploads\/2021\/06\/bloc2univers1.jpg\" \/> \n    <\/div>\n<\/div>\n\n[\/vc_column][vc_column width=&#8221;1\/2&#8243; el_class=&#8221;mini-slider-text&#8221;][vc_column_text el_class=&#8221;desc-droite&#8221;]La richesse et la fragrance des huiles v\u00e9g\u00e9tales bio 100% naturelles parfum\u00e9es.<\/p>\n<p>L\u2019alliance ine\u0301dite de la lithothe\u0301rapie et d\u2019essences ve\u0301ge\u0301tales pre\u0301cieuses constitue la clef d\u2019un concept beaute\u0301, ou\u0300 le respect de soi, des autres et de la nature est primordial.[\/vc_column_text][\/vc_column][\/vc_row][vc_row full_width=&#8221;stretch_row_content_no_spaces&#8221; el_class=&#8221;text-and-image&#8221; el_id=&#8221;2&#8243;][vc_column width=&#8221;1\/2&#8243; el_class=&#8221;mini-slider-text&#8221;][vc_column_text el_class=&#8221;desc-gauche&#8221;]Nous avons choisi de vous proposer un bien-\u00eatre respectueux de soi et de l\u2019environnement.<\/p>\n<p>Les mati\u00e8res premi\u00e8res sont 100 % naturelles, sans aucune substance controvers\u00e9e. Les flacons sont rechargeables, r\u00e9utilisables, recyclables, et sont doubl\u00e9s de recharges 50 ml pour les Elixirs Lunaires.<\/p>\n<p>Pour la qu\u00eate profonde d&#8217;un mieux-\u00eatre Wesak Paris reconna\u00eet l&#8217;importance d&#8217;une alliance apais\u00e9e avec la nature et les ressources de la terre.<\/p>\n<p>Une entreprise de luxe \u00e9thique ? Ce n\u2019est pas de la magie, c\u2019est l\u2019\u00e2me qui agit\u2026[\/vc_column_text][\/vc_column][vc_column width=&#8221;1\/2&#8243;]\n<div class='text-center slidermini-intro'>\n    <div class=\"oneslide\"><img alt='wesak-slider' loading='lazy' src=\" https:\/\/wesakparis.com\/wp-content\/uploads\/2021\/06\/bloc2univers2.jpg\" \/> \n    <\/div>\n<\/div>\n\n[\/vc_column][\/vc_row][vc_row][vc_column][vc_empty_space height=&#8221;169px&#8221; el_class=&#8221;petit-espace-home&#8221;][\/vc_column][\/vc_row][vc_row el_class=&#8221;nos-best-sellers&#8221;][vc_column][vc_column_text el_class=&#8221;h2-center titre-best-sellers&#8221;]<\/p>\n<h2>nos best sellers<\/h2>\n<p>[\/vc_column_text]    <div class=\"produits-elixirs bestsellers\">\n                               <a href=\"https:\/\/wesakparis.com\/fr\/produit\/elixir-lunaire-amethyste-parfum-poudre\/\">\n                <div class=\"produits\"> \n                        <div class=\"info-produits\">\n                        <div class=\"produit-header\">\n                            <!-- si recharge ou elixir -->\n                                <h2>\n                                    am\u00e9thyste                                        <br \/>\n                                     \u00e9lixir lunaire\n                        <\/div>                           \n                                                    <h3>parfum poudr\u00e9 |  50ml <\/h3>\n                                                    <p class=\"prix\">79\u20ac<\/p>\n                        <\/div>   \n                    <div class=\"photo-produits\">\n                        <img alt=\"best-sellers\" src=\"https:\/\/wesakparis.com\/wp-content\/uploads\/2021\/03\/elixir-detoure\u0301-site-AMETHYSTE-1.png\">\n                    <\/div>\n\n                <\/div>   \n               <\/a> \n                               <a href=\"https:\/\/wesakparis.com\/fr\/produit\/elixir-lunaire-aventurine-verte-parfum-floral\/\">\n                <div class=\"produits\"> \n                        <div class=\"info-produits\">\n                        <div class=\"produit-header\">\n                            <!-- si recharge ou elixir -->\n                                <h2>\n                                    aventurine                                        <br \/>\n                                     \u00e9lixir lunaire\n                        <\/div>                           \n                                                    <h3>parfum floral |  50ML <\/h3>\n                                                    <p class=\"prix\">79\u20ac<\/p>\n                        <\/div>   \n                    <div class=\"photo-produits\">\n                        <img alt=\"best-sellers\" src=\"https:\/\/wesakparis.com\/wp-content\/uploads\/2021\/03\/elixir-detoure\u0301-site-AVENTURINE-1.png\">\n                    <\/div>\n\n                <\/div>   \n               <\/a> \n                               <a href=\"https:\/\/wesakparis.com\/fr\/produit\/elixir-lunaire-obsidienne-parfum-neutre\/\">\n                <div class=\"produits\"> \n                        <div class=\"info-produits\">\n                        <div class=\"produit-header\">\n                            <!-- si recharge ou elixir -->\n                                <h2>\n                                    obsidienne                                        <br \/>\n                                     \u00e9lixir lunaire\n                        <\/div>                           \n                                                    <h3>parfum neutre |  50ML <\/h3>\n                                                    <p class=\"prix\">69\u20ac<\/p>\n                        <\/div>   \n                    <div class=\"photo-produits\">\n                        <img alt=\"best-sellers\" src=\"https:\/\/wesakparis.com\/wp-content\/uploads\/2021\/03\/elixir-detoure\u0301-site-OBSIDIENNE-1.png\">\n                    <\/div>\n\n                <\/div>   \n               <\/a> \n                               <a href=\"https:\/\/wesakparis.com\/fr\/produit\/elixir-lunaire-quartz-rose-parfum-rose\/\">\n                <div class=\"produits\"> \n                        <div class=\"info-produits\">\n                        <div class=\"produit-header\">\n                            <!-- si recharge ou elixir -->\n                                <h2>\n                                    quartz rose                                        <br \/>\n                                    \u00e9lixir lunaire\n                        <\/div>                           \n                                                    <h3>parfum rose |  50ML <\/h3>\n                                                    <p class=\"prix\">79\u20ac<\/p>\n                        <\/div>   \n                    <div class=\"photo-produits\">\n                        <img alt=\"best-sellers\" src=\"https:\/\/wesakparis.com\/wp-content\/uploads\/2021\/03\/elixir-detoure\u0301-site-QUARTZ-1.png\">\n                    <\/div>\n\n                <\/div>   \n               <\/a> \n                          \n\n  <\/div>\n    [\/vc_column][\/vc_row][vc_row el_class=&#8221;contenu-froid&#8221;][vc_column][vc_row_inner][vc_column_inner][vc_column_text]Une huile v\u00e9g\u00e9tale naturelle parfum\u00e9e.<\/p>\n<p>\u00ab On ne doit pas prendre soin du corps se\u0301pare\u0301 de l&#8217;a\u0302me, et pour que l&#8217;esprit et le corps retrouvent l\u2019apaisement, il faut commencer par soigner l&#8217;a\u0302me \u00bb, a dit un philosophe grec.<\/p>\n<p>Le Wesak est une c\u00e9l\u00e9bration spirituelle en lien avec la Pleine Lune, qui se produit chaque anne\u0301e en Taureau aux mois de mai et d&#8217;avril. C\u2019est l\u2019union d\u2019\u00e9nergies bienveillantes et lumineuses descendues gue\u0301rir la Terre. La Lune, cet astre si loin et si proche. Son influence n\u2019est plus a\u0300 de\u0301montrer. N\u2019agit-elle pas sur les mare\u0301es, et les ressacs des a\u0302mes humaines, depuis des mille\u0301naires ? Suscitant un e\u0301veil a\u0300 la conscience de soi, et au pouvoir amplifie\u0301 de nos e\u0301motions.<\/p>\n<p>En cre\u0301ant une gamme de produits originaux, Wesak Paris re\u0301pond aux aspirations de nombreuses personnes en que\u0302te de bien-e\u0302tre.<\/p>\n<p>De pr\u00e9cieuses huiles v\u00e9g\u00e9tales premi\u00e8re pression \u00e0 froid et 100% naturelles. Prendre soin de l\u2019\u00e2me et du corps est enfin possible gr\u00e2ce \u00e0 la gamme \u00c9lixir Lunaire de Wesak Paris.<br \/>\nChaque \u00e9lixir contient une gemme infus\u00e9e dans des huiles v\u00e9g\u00e9tales d&#8217;exception. L&#8217;application sur la peau se fait via une pierre polie, pour une sensation unique de douceur et de fra\u00eecheur.\u00a0 Parfait \u00e0 utiliser pour la pratique de la r\u00e9flexologie. Nos \u00e9lixirs d\u00e9livrent des r\u00e9sultats puissants gr\u00e2ce \u00e0 leurs puissants m\u00e9langes d&#8217;ingr\u00e9dients actifs (tels que l&#8217;huile de noyau d&#8217;abricot bio, d&#8217;argan et de macadamia et des huiles essentielles naturelles), ces huiles\u00a0 parfum\u00e9es pour le corps sont tr\u00e8s efficaces et hydratantes pour votre peau,\u00a0 riches en polyph\u00e9nols et en vitamine E, sont d\u00e9velopp\u00e9s pour nourrir et lisser votre peau.[\/vc_column_text][\/vc_column_inner][\/vc_row_inner][\/vc_column][\/vc_row][vc_row][vc_column][vc_empty_space height=&#8221;50px&#8221;][\/vc_column][\/vc_row]<\/p>\n","protected":false},"excerpt":{"rendered":"<p>[vc_row][vc_column][vc_empty_space height=&#8221;70px&#8221; el_class=&#8221;petit-espace-home&#8221;][vc_column_text el_id=&#8221;titre&#8221; el_class=&#8221;h2-center titre-univers&#8221;] Notre Univers [\/vc_column_text][vc_empty_space height=&#8221;70px&#8221; el_class=&#8221;petit-espace-home&#8221;][\/vc_column][\/vc_row][vc_row][vc_column][\/vc_column][\/vc_row][vc_row full_width=&#8221;stretch_row_content_no_spaces&#8221; el_class=&#8221;slider-and-text&#8221; el_id=&#8221;1&#8243;][vc_column width=&#8221;1\/2&#8243;][\/vc_column][vc_column width=&#8221;1\/2&#8243; el_class=&#8221;mini-slider-text&#8221;][vc_column_text el_class=&#8221;desc-droite&#8221;]La richesse et la fragrance des huiles v\u00e9g\u00e9tales bio 100% naturelles parfum\u00e9es. L\u2019alliance ine\u0301dite de la lithothe\u0301rapie et d\u2019essences ve\u0301ge\u0301tales pre\u0301cieuses constitue la clef d\u2019un concept beaute\u0301, ou\u0300 le respect de soi, des autres et de la nature<\/p>\n","protected":false},"author":1,"featured_media":0,"parent":0,"menu_order":0,"comment_status":"closed","ping_status":"closed","template":"","meta":{"_seopress_robots_primary_cat":"","inline_featured_image":false},"acf":[],"_links":{"self":[{"href":"https:\/\/wesakparis.com\/fr\/wp-json\/wp\/v2\/pages\/348"}],"collection":[{"href":"https:\/\/wesakparis.com\/fr\/wp-json\/wp\/v2\/pages"}],"about":[{"href":"https:\/\/wesakparis.com\/fr\/wp-json\/wp\/v2\/types\/page"}],"author":[{"embeddable":true,"href":"https:\/\/wesakparis.com\/fr\/wp-json\/wp\/v2\/users\/1"}],"replies":[{"embeddable":true,"href":"https:\/\/wesakparis.com\/fr\/wp-json\/wp\/v2\/comments?post=348"}],"version-history":[{"count":3,"href":"https:\/\/wesakparis.com\/fr\/wp-json\/wp\/v2\/pages\/348\/revisions"}],"predecessor-version":[{"id":4169,"href":"https:\/\/wesakparis.com\/fr\/wp-json\/wp\/v2\/pages\/348\/revisions\/4169"}],"wp:attachment":[{"href":"https:\/\/wesakparis.com\/fr\/wp-json\/wp\/v2\/media?parent=348"}],"curies":[{"name":"wp","href":"https:\/\/api.w.org\/{rel}","templated":true}]}}