{"id":1018,"date":"2021-04-01T09:52:24","date_gmt":"2021-04-01T08:52:24","guid":{"rendered":"https:\/\/wesakparis.com\/?post_type=product&#038;p=1018"},"modified":"2024-10-30T12:48:34","modified_gmt":"2024-10-30T11:48:34","slug":"gua-sha-horn","status":"publish","type":"product","link":"https:\/\/wesakparis.com\/fr\/produit\/gua-sha-horn\/","title":{"rendered":"gua sha horn"},"content":{"rendered":"<p>Le Guasha Horn wesak paris est un outil de beaut\u00e9 qui sublimera votre beaut\u00e9 int\u00e9rieure et ext\u00e9rieure, avec les effets bienfaisants de la lithoth\u00e9rapie et le massage que vous prodiguerez.<br \/>\nLe gua sha est issu de la tradition chinoise. Le terme \u00abgua\u00bb signifie \u00abgratter\u00bb et \u00absha\u00bb signifie rougeur et\/ou irritation. Utilis\u00e9 pour am\u00e9liorer l\u2019apparence de la peau. Cet outil de beaut\u00e9 aux diff\u00e9rentes courbes \u00e9pouse parfaitement les formes du visage et du cou.<\/p>\n","protected":false},"excerpt":{"rendered":"<p>Un outil de beaut\u00e9 pour traiter l\u2019\u00e2me et le visage<br \/>\nLe Guaha Horn wesak paris sublimera votre beaut\u00e9 int\u00e9rieure et ext\u00e9rieure, avec les effets bienfaisants de la lithoth\u00e9rapie et le massage que vous prodiguerez.<br \/>\nLe gua sha est issu de la tradition chinoise. Le terme \u00abgua\u00bb signifie \u00abgratter\u00bb et \u00absha\u00bb signifie rougeur et\/ou irritation. Utilis\u00e9 pour am\u00e9liorer l\u2019apparence de la peau. Cet outil de beaut\u00e9 aux diff\u00e9rentes courbes \u00e9pouse parfaitement les formes du visage et du cou.<\/p>\n","protected":false},"featured_media":1164,"comment_status":"open","ping_status":"closed","template":"","meta":{"_seopress_robots_primary_cat":"none","inline_featured_image":false},"product_cat":[25],"product_tag":[],"acf":[],"_links":{"self":[{"href":"https:\/\/wesakparis.com\/fr\/wp-json\/wp\/v2\/product\/1018"}],"collection":[{"href":"https:\/\/wesakparis.com\/fr\/wp-json\/wp\/v2\/product"}],"about":[{"href":"https:\/\/wesakparis.com\/fr\/wp-json\/wp\/v2\/types\/product"}],"replies":[{"embeddable":true,"href":"https:\/\/wesakparis.com\/fr\/wp-json\/wp\/v2\/comments?post=1018"}],"wp:featuredmedia":[{"embeddable":true,"href":"https:\/\/wesakparis.com\/fr\/wp-json\/wp\/v2\/media\/1164"}],"wp:attachment":[{"href":"https:\/\/wesakparis.com\/fr\/wp-json\/wp\/v2\/media?parent=1018"}],"wp:term":[{"taxonomy":"product_cat","embeddable":true,"href":"https:\/\/wesakparis.com\/fr\/wp-json\/wp\/v2\/product_cat?post=1018"},{"taxonomy":"product_tag","embeddable":true,"href":"https:\/\/wesakparis.com\/fr\/wp-json\/wp\/v2\/product_tag?post=1018"}],"curies":[{"name":"wp","href":"https:\/\/api.w.org\/{rel}","templated":true}]}}