{"id":1031,"date":"2021-11-24T18:46:42","date_gmt":"2021-11-24T17:46:42","guid":{"rendered":"https:\/\/wesakparis.com\/?post_type=product&#038;p=1031"},"modified":"2024-10-30T12:31:51","modified_gmt":"2024-10-30T11:31:51","slug":"roller","status":"publish","type":"product","link":"https:\/\/wesakparis.com\/fr\/produit\/roller\/","title":{"rendered":"roller"},"content":{"rendered":"<p>Un outil de beaut\u00e9 pour traiter l\u2019\u00e2me et le visage<br \/>\nLe roller wesak paris sublimera votre beaut\u00e9 int\u00e9rieure et ext\u00e9rieure, avec les effets bienfaisants de la lithoth\u00e9rapie et le massage que vous prodiguerez.<br \/>\nCe massage avec le roller permet une stimulation de la circulation sanguine et lymphatique. Facile d\u2019utilisation, il est id\u00e9al pour les novices.<\/p>\n","protected":false},"excerpt":{"rendered":"<p>Un outil de beaut\u00e9 pour traiter l\u2019\u00e2me et le visage<br \/>\nLe roller wesak paris sublimera votre beaut\u00e9 int\u00e9rieure et ext\u00e9rieure, avec les effets bienfaisants de la lithoth\u00e9rapie et le massage que vous prodiguerez.<br \/>\nFacile d\u2019utilisation, il est id\u00e9al pour les novices.<\/p>\n","protected":false},"featured_media":2800,"comment_status":"open","ping_status":"closed","template":"","meta":{"_seopress_robots_primary_cat":"none","inline_featured_image":false},"product_cat":[25],"product_tag":[],"acf":[],"_links":{"self":[{"href":"https:\/\/wesakparis.com\/fr\/wp-json\/wp\/v2\/product\/1031"}],"collection":[{"href":"https:\/\/wesakparis.com\/fr\/wp-json\/wp\/v2\/product"}],"about":[{"href":"https:\/\/wesakparis.com\/fr\/wp-json\/wp\/v2\/types\/product"}],"replies":[{"embeddable":true,"href":"https:\/\/wesakparis.com\/fr\/wp-json\/wp\/v2\/comments?post=1031"}],"wp:featuredmedia":[{"embeddable":true,"href":"https:\/\/wesakparis.com\/fr\/wp-json\/wp\/v2\/media\/2800"}],"wp:attachment":[{"href":"https:\/\/wesakparis.com\/fr\/wp-json\/wp\/v2\/media?parent=1031"}],"wp:term":[{"taxonomy":"product_cat","embeddable":true,"href":"https:\/\/wesakparis.com\/fr\/wp-json\/wp\/v2\/product_cat?post=1031"},{"taxonomy":"product_tag","embeddable":true,"href":"https:\/\/wesakparis.com\/fr\/wp-json\/wp\/v2\/product_tag?post=1031"}],"curies":[{"name":"wp","href":"https:\/\/api.w.org\/{rel}","templated":true}]}}