{"id":3090,"date":"2021-03-17T09:24:44","date_gmt":"2021-03-17T08:24:44","guid":{"rendered":"https:\/\/wesakparis.com\/?post_type=product&#038;p=3090"},"modified":"2026-03-24T22:27:06","modified_gmt":"2026-03-24T21:27:06","slug":"amethyste-elixir-lunaire-10ml","status":"publish","type":"product","link":"https:\/\/wesakparis.com\/fr\/produit\/amethyste-elixir-lunaire-10ml\/","title":{"rendered":"am\u00e9thyste \u00e9lixir lunaire"},"content":{"rendered":"<p>Une pierre gemme d\u2019Am\u00e9thyste infus\u00e9e et un m\u00e9lange d\u2019huiles v\u00e9g\u00e9tales naturelles parfum\u00e9es ont \u00e9t\u00e9 r\u00e9unis dans un concept unique.<\/p>\n","protected":false},"excerpt":{"rendered":"<p>Un produit innovant de lithocosm\u00e9tique.<br \/>\nUne pierre d&#8217;Am\u00e9thyste en infusion dans une huile de beaut\u00e9 naturelle et v\u00e9g\u00e9tale parfum\u00e9e et vitamine E, agr\u00e9ment\u00e9e d&#8217;un roll-on en pierre de gemme d&#8217;Am\u00e9thyste, qui vous apportera un massage avec un sentiment de bien \u00eatre in\u00e9gal<\/p>\n","protected":false},"featured_media":3102,"comment_status":"open","ping_status":"closed","template":"","meta":{"_seopress_robots_primary_cat":"none","inline_featured_image":false},"product_cat":[20],"product_tag":[],"acf":[],"_links":{"self":[{"href":"https:\/\/wesakparis.com\/fr\/wp-json\/wp\/v2\/product\/3090"}],"collection":[{"href":"https:\/\/wesakparis.com\/fr\/wp-json\/wp\/v2\/product"}],"about":[{"href":"https:\/\/wesakparis.com\/fr\/wp-json\/wp\/v2\/types\/product"}],"replies":[{"embeddable":true,"href":"https:\/\/wesakparis.com\/fr\/wp-json\/wp\/v2\/comments?post=3090"}],"wp:featuredmedia":[{"embeddable":true,"href":"https:\/\/wesakparis.com\/fr\/wp-json\/wp\/v2\/media\/3102"}],"wp:attachment":[{"href":"https:\/\/wesakparis.com\/fr\/wp-json\/wp\/v2\/media?parent=3090"}],"wp:term":[{"taxonomy":"product_cat","embeddable":true,"href":"https:\/\/wesakparis.com\/fr\/wp-json\/wp\/v2\/product_cat?post=3090"},{"taxonomy":"product_tag","embeddable":true,"href":"https:\/\/wesakparis.com\/fr\/wp-json\/wp\/v2\/product_tag?post=3090"}],"curies":[{"name":"wp","href":"https:\/\/api.w.org\/{rel}","templated":true}]}}