{"id":3114,"date":"2021-03-17T09:57:53","date_gmt":"2021-03-17T08:57:53","guid":{"rendered":"https:\/\/wesakparis.com\/?post_type=product&#038;p=3114"},"modified":"2026-03-24T22:49:12","modified_gmt":"2026-03-24T21:49:12","slug":"obsidienne-elixir-lunaire-10ml","status":"publish","type":"product","link":"https:\/\/wesakparis.com\/fr\/produit\/obsidienne-elixir-lunaire-10ml\/","title":{"rendered":"obsidienne \u00e9lixir lunaire 10ml"},"content":{"rendered":"<p>Une pierre gemme d\u2019Obsidienne infuse\u0301e et un m\u00e9lange d\u2019huiles v\u00e9g\u00e9tales et naturelles parfum\u00e9es ont \u00e9t\u00e9 r\u00e9unis dans un concept unique.<\/p>\n","protected":false},"excerpt":{"rendered":"<p>Un produit innovant de lithocosm\u00e9tique.<br \/>\nUne pierre d&#8217;Obsidienne en infusion dans une huile de beaut\u00e9 naturelle et v\u00e9g\u00e9tale, vitamine E, agr\u00e9ment\u00e9e d&#8217;un roll-on en pierre semi pr\u00e9cieuse d\u2019Obsidienne, qui vous apportera un massage avec un sentiment de bien \u00eatre in\u00e9gal\u00e9.<\/p>\n","protected":false},"featured_media":3106,"comment_status":"open","ping_status":"closed","template":"","meta":{"_seopress_robots_primary_cat":"none","inline_featured_image":false},"product_cat":[20],"product_tag":[],"acf":[],"_links":{"self":[{"href":"https:\/\/wesakparis.com\/fr\/wp-json\/wp\/v2\/product\/3114"}],"collection":[{"href":"https:\/\/wesakparis.com\/fr\/wp-json\/wp\/v2\/product"}],"about":[{"href":"https:\/\/wesakparis.com\/fr\/wp-json\/wp\/v2\/types\/product"}],"replies":[{"embeddable":true,"href":"https:\/\/wesakparis.com\/fr\/wp-json\/wp\/v2\/comments?post=3114"}],"wp:featuredmedia":[{"embeddable":true,"href":"https:\/\/wesakparis.com\/fr\/wp-json\/wp\/v2\/media\/3106"}],"wp:attachment":[{"href":"https:\/\/wesakparis.com\/fr\/wp-json\/wp\/v2\/media?parent=3114"}],"wp:term":[{"taxonomy":"product_cat","embeddable":true,"href":"https:\/\/wesakparis.com\/fr\/wp-json\/wp\/v2\/product_cat?post=3114"},{"taxonomy":"product_tag","embeddable":true,"href":"https:\/\/wesakparis.com\/fr\/wp-json\/wp\/v2\/product_tag?post=3114"}],"curies":[{"name":"wp","href":"https:\/\/api.w.org\/{rel}","templated":true}]}}