{"id":3118,"date":"2021-03-17T10:03:38","date_gmt":"2021-03-17T09:03:38","guid":{"rendered":"https:\/\/wesakparis.com\/?post_type=product&#038;p=3118"},"modified":"2026-03-24T22:37:30","modified_gmt":"2026-03-24T21:37:30","slug":"quartz-rose-elixir-lunaire-10ml","status":"publish","type":"product","link":"https:\/\/wesakparis.com\/fr\/produit\/quartz-rose-elixir-lunaire-10ml\/","title":{"rendered":"quartz rose \u00e9lixir lunaire 10ml"},"content":{"rendered":"<p>Une pierre gemme de Quartz Rose infuse\u0301e et un m\u00e9lange d\u2019huiles v\u00e9g\u00e9tales naturelles ont \u00e9t\u00e9 r\u00e9unis dans un concept unique.<\/p>\n","protected":false},"excerpt":{"rendered":"<p>Un produit innovant de lithocosm\u00e9tique.<br \/>\nUne pierre de Quartz rose en infusion dans une huile de beaut\u00e9 naturelle et v\u00e9g\u00e9tale parfum\u00e9e, vitamine E, agr\u00e9ment\u00e9e d&#8217;un roll-on en pierre de gemme de Quartz rose, qui vous apportera un massage avec un sentiment de bien \u00eatre in\u00e9gal\u00e9.<\/p>\n","protected":false},"featured_media":3108,"comment_status":"open","ping_status":"closed","template":"","meta":{"_seopress_robots_primary_cat":"none","inline_featured_image":false},"product_cat":[20],"product_tag":[],"acf":[],"_links":{"self":[{"href":"https:\/\/wesakparis.com\/fr\/wp-json\/wp\/v2\/product\/3118"}],"collection":[{"href":"https:\/\/wesakparis.com\/fr\/wp-json\/wp\/v2\/product"}],"about":[{"href":"https:\/\/wesakparis.com\/fr\/wp-json\/wp\/v2\/types\/product"}],"replies":[{"embeddable":true,"href":"https:\/\/wesakparis.com\/fr\/wp-json\/wp\/v2\/comments?post=3118"}],"wp:featuredmedia":[{"embeddable":true,"href":"https:\/\/wesakparis.com\/fr\/wp-json\/wp\/v2\/media\/3108"}],"wp:attachment":[{"href":"https:\/\/wesakparis.com\/fr\/wp-json\/wp\/v2\/media?parent=3118"}],"wp:term":[{"taxonomy":"product_cat","embeddable":true,"href":"https:\/\/wesakparis.com\/fr\/wp-json\/wp\/v2\/product_cat?post=3118"},{"taxonomy":"product_tag","embeddable":true,"href":"https:\/\/wesakparis.com\/fr\/wp-json\/wp\/v2\/product_tag?post=3118"}],"curies":[{"name":"wp","href":"https:\/\/api.w.org\/{rel}","templated":true}]}}