{"id":3122,"date":"2022-05-06T16:09:13","date_gmt":"2022-05-06T15:09:13","guid":{"rendered":"https:\/\/wesakparis.com\/?post_type=product&#038;p=3122"},"modified":"2026-03-30T00:06:17","modified_gmt":"2026-03-29T23:06:17","slug":"coffret-decouverte-wezak-paris","status":"publish","type":"product","link":"https:\/\/wesakparis.com\/fr\/produit\/coffret-decouverte-wezak-paris\/","title":{"rendered":"Coffret d\u00e9couverte Elixirs lunaires"},"content":{"rendered":"<p>La Collection Wesak Paris r\u00e9unit dans un \u00e9crin raffin\u00e9 ses 5 \u00e9lixirs lunaire dans un coffret d\u00e9couverte.<br \/>\n\u00c0 conserver pour soi ou \u00e0 offrir, l&#8217;\u00e9crin permet de vivre une exp\u00e9rience unique.<br \/>\nLe coffret d\u00e9couverte des \u00e9lixirs wesak paris se compose de 5 miniatures d\u2019\u00e9lixirs lunaire , format 10 ml : Obsidienne, Sodalite, Am\u00e9thyste, Quartz Rose, Aventurine<\/p>\n<p>Dimension de la boite: 210 x 130 x 50<\/p>\n<p>Poids de la boite avec les 5 \u00e9lixirs : 280 g<br \/>\nChaque flacon est surmont\u00e9 d&#8217;une pierre gemme infuse\u0301e et compos\u00e9 d&#8217;un m\u00e9lange d\u2019huiles v\u00e9g\u00e9tales naturelles parfum\u00e9es qui ont \u00e9t\u00e9 r\u00e9unis dans un concept unique.<\/p>\n<p>Pr\u00e9sent\u00e9 dans un flacon en verre de 10ml, l\u2019\u00c9lixir Lunaire est surmont\u00e9 d\u2019un roll-on exclusif et \u00e9quip\u00e9 d\u2019une sph\u00e8re en pierre polie.<\/p>\n","protected":false},"excerpt":{"rendered":"<p>La Collection Wesak Paris r\u00e9unit dans un \u00e9crin raffin\u00e9 ses 5 \u00e9lixirs lunaire dans un coffret d\u00e9couverte.<br \/>\n\u00c0 conserver pour soi ou \u00e0 offrir, l&#8217;\u00e9crin permet de vivre une exp\u00e9rience unique.<br \/>\nLe coffret d\u00e9couverte des \u00e9lixirs wesak paris se compose de 5 miniatures d\u2019\u00e9lixirs lunaire , format 10 ml : Obsidienne &#8211; Sodalite &#8211; Am\u00e9thyste &#8211; Quartz Rose &#8211; Aventurine<\/p>\n","protected":false},"featured_media":3214,"comment_status":"open","ping_status":"closed","template":"","meta":{"_seopress_robots_primary_cat":"none","inline_featured_image":false},"product_cat":[27],"product_tag":[],"acf":[],"_links":{"self":[{"href":"https:\/\/wesakparis.com\/fr\/wp-json\/wp\/v2\/product\/3122"}],"collection":[{"href":"https:\/\/wesakparis.com\/fr\/wp-json\/wp\/v2\/product"}],"about":[{"href":"https:\/\/wesakparis.com\/fr\/wp-json\/wp\/v2\/types\/product"}],"replies":[{"embeddable":true,"href":"https:\/\/wesakparis.com\/fr\/wp-json\/wp\/v2\/comments?post=3122"}],"wp:featuredmedia":[{"embeddable":true,"href":"https:\/\/wesakparis.com\/fr\/wp-json\/wp\/v2\/media\/3214"}],"wp:attachment":[{"href":"https:\/\/wesakparis.com\/fr\/wp-json\/wp\/v2\/media?parent=3122"}],"wp:term":[{"taxonomy":"product_cat","embeddable":true,"href":"https:\/\/wesakparis.com\/fr\/wp-json\/wp\/v2\/product_cat?post=3122"},{"taxonomy":"product_tag","embeddable":true,"href":"https:\/\/wesakparis.com\/fr\/wp-json\/wp\/v2\/product_tag?post=3122"}],"curies":[{"name":"wp","href":"https:\/\/api.w.org\/{rel}","templated":true}]}}