{"id":3409,"date":"2022-05-04T16:21:55","date_gmt":"2022-05-04T15:21:55","guid":{"rendered":"https:\/\/wesakparis.com\/?post_type=product&#038;p=3409"},"modified":"2025-04-08T19:01:51","modified_gmt":"2025-04-08T18:01:51","slug":"coffret-rituel-beaute-wesak","status":"publish","type":"product","link":"https:\/\/wesakparis.com\/fr\/produit\/coffret-rituel-beaute-wesak\/","title":{"rendered":"Coffret Rituel de Beaut\u00e9 &#8211; Wesak"},"content":{"rendered":"<p>D\u00e9couvrez notre coffret rituel de beaut\u00e9. Il contient un Guasha heart, un Roller ainsi qu\u2019une version 10ml d\u2019un \u00e9lixir lunaire obsidienne pour r\u00e9aliser une routine compl\u00e8te et efficace.<br \/>\nUtilisez l\u2019\u00e9lixir obsidienne sur votre visage. L\u2019huile est diffus\u00e9e \u00e0 l\u2019aide du Roll-on en gemme afin d\u2019hydrater la peau.<br \/>\nLe Roller en pierre fine naturelle favorise une peau drain\u00e9e, plus souple et lisse.<br \/>\nLe Gua Sha Heart quant \u00e0 lui est un outil de beaut\u00e9 ancestral qui permet de lifter et sculpter les courbes de votre visage.<\/p>\n","protected":false},"excerpt":{"rendered":"<p>D\u00e9couvrez notre coffret rituel de beaut\u00e9. Il contient un Guasha heart, un Roller ainsi qu\u2019une version 10ml d\u2019un \u00e9lixir lunaire obsidienne pour r\u00e9aliser une routine compl\u00e8te et efficace.<br \/>\nUtilisez l\u2019\u00e9lixir obsidienne sur votre visage. L\u2019huile est diffus\u00e9e \u00e0 l\u2019aide du Roll-on en gemme afin d\u2019hydrater la peau.<br \/>\nLe Roller en pierre fine naturelle favorise une peau drain\u00e9e, plus souple et lisse.<br \/>\nLe Gua Sha Heart quant \u00e0 lui est un outil de beaut\u00e9 ancestral qui permet de lifter et sculpter les courbes de votre visage.<\/p>\n","protected":false},"featured_media":3423,"comment_status":"open","ping_status":"closed","template":"","meta":{"_seopress_robots_primary_cat":"none","inline_featured_image":false},"product_cat":[25,27],"product_tag":[],"acf":[],"_links":{"self":[{"href":"https:\/\/wesakparis.com\/fr\/wp-json\/wp\/v2\/product\/3409"}],"collection":[{"href":"https:\/\/wesakparis.com\/fr\/wp-json\/wp\/v2\/product"}],"about":[{"href":"https:\/\/wesakparis.com\/fr\/wp-json\/wp\/v2\/types\/product"}],"replies":[{"embeddable":true,"href":"https:\/\/wesakparis.com\/fr\/wp-json\/wp\/v2\/comments?post=3409"}],"wp:featuredmedia":[{"embeddable":true,"href":"https:\/\/wesakparis.com\/fr\/wp-json\/wp\/v2\/media\/3423"}],"wp:attachment":[{"href":"https:\/\/wesakparis.com\/fr\/wp-json\/wp\/v2\/media?parent=3409"}],"wp:term":[{"taxonomy":"product_cat","embeddable":true,"href":"https:\/\/wesakparis.com\/fr\/wp-json\/wp\/v2\/product_cat?post=3409"},{"taxonomy":"product_tag","embeddable":true,"href":"https:\/\/wesakparis.com\/fr\/wp-json\/wp\/v2\/product_tag?post=3409"}],"curies":[{"name":"wp","href":"https:\/\/api.w.org\/{rel}","templated":true}]}}