{"id":3435,"date":"2022-05-05T08:49:59","date_gmt":"2022-05-05T07:49:59","guid":{"rendered":"https:\/\/wesakparis.com\/?post_type=product&#038;p=3435"},"modified":"2024-10-30T12:23:04","modified_gmt":"2024-10-30T11:23:04","slug":"coffret-rituel-cuir-chevelu-wesak","status":"publish","type":"product","link":"https:\/\/wesakparis.com\/fr\/produit\/coffret-rituel-cuir-chevelu-wesak\/","title":{"rendered":"Coffret Rituel Cuir Chevelu &#8211; Wesak"},"content":{"rendered":"<p>Associez un \u00e9lixir lunaire\u00a0 (cocktails de 3 huiles de macadamia, argan et abricot 100% naturelles et bio) avec un peigne.<\/p>\n<p>Sur le cuir chevelu utiliser un soin ou \u00e0 sec la partie dentel\u00e9e, avant ou apr\u00e8s un shampoing. Peigner vos cheveux en commen\u00e7ant \u00e0 la racine du front en direction de la nuque et faire le tour du cr\u00e2ne en peignant, r\u00e9p\u00e9ter une dizaine de fois pour d\u00e9tendre les tensions.<br \/>\nPour stimuler les points \u00e9nerg\u00e9tiques, faire des mouvements de bascule en faisant une l\u00e9g\u00e8re pression. Faire des mouvements de va-et-vient au niveau des trap\u00e8zes et sur les c\u00f4t\u00e9s du cou pour d\u00e9tendre les tensions. Pour les jambes et les fesses appliquer une huile ou sous la douche, utiliser la partie dentel\u00e9e pour d\u00e9loger les capitons, pour estomper la peau d\u2019orange.<\/p>\n","protected":false},"excerpt":{"rendered":"<p>Associez un \u00e9lixir lunaire\u00a0 (cocktails de 3 huiles de macadamia, argan et abricot naturelles) avec un peigne.<\/p>\n<p>Sur le cuir chevelu utiliser un soin ou \u00e0 sec la partie dentel\u00e9e, avant ou apr\u00e8s un shampoing. Peigner vos cheveux en commen\u00e7ant \u00e0 la racine du front en direction de la nuque et faire le tour du cr\u00e2ne en peignant, r\u00e9p\u00e9ter une dizaine de fois pour d\u00e9tendre les tensions.<br \/>\nPour stimuler les points \u00e9nerg\u00e9tiques, faire des mouvements de bascule en faisant une l\u00e9g\u00e8re pression. Faire des mouvements de va-et-vient au niveau des trap\u00e8zes et sur les c\u00f4t\u00e9s du cou pour d\u00e9tendre les tensions. Pour les jambes et les fesses appliquer une huile ou sous la douche, utiliser la partie dentel\u00e9e pour d\u00e9loger les capitons, pour estomper la peau d\u2019orange.<\/p>\n","protected":false},"featured_media":3443,"comment_status":"open","ping_status":"closed","template":"","meta":{"_seopress_robots_primary_cat":"none","inline_featured_image":false},"product_cat":[25,27],"product_tag":[],"acf":[],"_links":{"self":[{"href":"https:\/\/wesakparis.com\/fr\/wp-json\/wp\/v2\/product\/3435"}],"collection":[{"href":"https:\/\/wesakparis.com\/fr\/wp-json\/wp\/v2\/product"}],"about":[{"href":"https:\/\/wesakparis.com\/fr\/wp-json\/wp\/v2\/types\/product"}],"replies":[{"embeddable":true,"href":"https:\/\/wesakparis.com\/fr\/wp-json\/wp\/v2\/comments?post=3435"}],"wp:featuredmedia":[{"embeddable":true,"href":"https:\/\/wesakparis.com\/fr\/wp-json\/wp\/v2\/media\/3443"}],"wp:attachment":[{"href":"https:\/\/wesakparis.com\/fr\/wp-json\/wp\/v2\/media?parent=3435"}],"wp:term":[{"taxonomy":"product_cat","embeddable":true,"href":"https:\/\/wesakparis.com\/fr\/wp-json\/wp\/v2\/product_cat?post=3435"},{"taxonomy":"product_tag","embeddable":true,"href":"https:\/\/wesakparis.com\/fr\/wp-json\/wp\/v2\/product_tag?post=3435"}],"curies":[{"name":"wp","href":"https:\/\/api.w.org\/{rel}","templated":true}]}}