{"id":3452,"date":"2022-05-06T13:01:30","date_gmt":"2022-05-06T12:01:30","guid":{"rendered":"https:\/\/wesakparis.com\/?post_type=product&#038;p=3452"},"modified":"2024-10-30T12:20:48","modified_gmt":"2024-10-30T11:20:48","slug":"coffret-rituel-relaxant-wesak","status":"publish","type":"product","link":"https:\/\/wesakparis.com\/fr\/produit\/coffret-rituel-relaxant-wesak\/","title":{"rendered":"Coffret Rituel Relaxant &#8211; Wesak"},"content":{"rendered":"<p>Associez un \u00e9lixir lunaire et une paire de mushrooms pour offrir un massage simultan\u00e9 unique sur le visage, cou, d\u00e9collet\u00e9.<br \/>\nLe mushroom, cet outil de beaut\u00e9 ancestral, \u00e9pouse les diff\u00e9rentes courbes de notre visage.<\/p>\n","protected":false},"excerpt":{"rendered":"<p>Associez un \u00e9lixir lunaire et une paire de mushrooms pour offrir un massage simultan\u00e9 unique sur le visage, cou, d\u00e9collet\u00e9.<\/p>\n","protected":false},"featured_media":3469,"comment_status":"open","ping_status":"closed","template":"","meta":{"_seopress_robots_primary_cat":"none","inline_featured_image":false},"product_cat":[25,27],"product_tag":[],"acf":[],"_links":{"self":[{"href":"https:\/\/wesakparis.com\/fr\/wp-json\/wp\/v2\/product\/3452"}],"collection":[{"href":"https:\/\/wesakparis.com\/fr\/wp-json\/wp\/v2\/product"}],"about":[{"href":"https:\/\/wesakparis.com\/fr\/wp-json\/wp\/v2\/types\/product"}],"replies":[{"embeddable":true,"href":"https:\/\/wesakparis.com\/fr\/wp-json\/wp\/v2\/comments?post=3452"}],"wp:featuredmedia":[{"embeddable":true,"href":"https:\/\/wesakparis.com\/fr\/wp-json\/wp\/v2\/media\/3469"}],"wp:attachment":[{"href":"https:\/\/wesakparis.com\/fr\/wp-json\/wp\/v2\/media?parent=3452"}],"wp:term":[{"taxonomy":"product_cat","embeddable":true,"href":"https:\/\/wesakparis.com\/fr\/wp-json\/wp\/v2\/product_cat?post=3452"},{"taxonomy":"product_tag","embeddable":true,"href":"https:\/\/wesakparis.com\/fr\/wp-json\/wp\/v2\/product_tag?post=3452"}],"curies":[{"name":"wp","href":"https:\/\/api.w.org\/{rel}","templated":true}]}}