{"id":550,"date":"2021-03-20T14:02:45","date_gmt":"2021-03-20T13:02:45","guid":{"rendered":"https:\/\/wesakparis.com\/?post_type=product&#038;p=550"},"modified":"2026-03-24T22:42:59","modified_gmt":"2026-03-24T21:42:59","slug":"elixir-lunaire-aventurine-verte-parfum-floral","status":"publish","type":"product","link":"https:\/\/wesakparis.com\/fr\/produit\/elixir-lunaire-aventurine-verte-parfum-floral\/","title":{"rendered":"aventurine \u00e9lixir lunaire"},"content":{"rendered":"<p>Une pierre gemme d\u2019Aventurine Verte infuse\u0301e et un m\u00e9lange d\u2019huiles v\u00e9g\u00e9tales naturelles parfum\u00e9es ont \u00e9t\u00e9 r\u00e9unis dans un concept unique.<\/p>\n","protected":false},"excerpt":{"rendered":"<p>Un produit innovant de lithocosm\u00e9tique agr\u00e9ment\u00e9 d&#8217;une pierre d&#8217;Aventurine en infusion dans une huile de beaut\u00e9 naturelle et v\u00e9g\u00e9tale parfum\u00e9e, vitamine E, agr\u00e9ment\u00e9e d&#8217;un roll-on en pierre de gemme Aventurine, qui vous apportera un massage avec un sentiment de bien \u00eatre in\u00e9gal\u00e9.<\/p>\n","protected":false},"featured_media":2538,"comment_status":"open","ping_status":"closed","template":"","meta":{"_seopress_robots_primary_cat":"23","inline_featured_image":false},"product_cat":[23,20],"product_tag":[],"acf":[],"_links":{"self":[{"href":"https:\/\/wesakparis.com\/fr\/wp-json\/wp\/v2\/product\/550"}],"collection":[{"href":"https:\/\/wesakparis.com\/fr\/wp-json\/wp\/v2\/product"}],"about":[{"href":"https:\/\/wesakparis.com\/fr\/wp-json\/wp\/v2\/types\/product"}],"replies":[{"embeddable":true,"href":"https:\/\/wesakparis.com\/fr\/wp-json\/wp\/v2\/comments?post=550"}],"wp:featuredmedia":[{"embeddable":true,"href":"https:\/\/wesakparis.com\/fr\/wp-json\/wp\/v2\/media\/2538"}],"wp:attachment":[{"href":"https:\/\/wesakparis.com\/fr\/wp-json\/wp\/v2\/media?parent=550"}],"wp:term":[{"taxonomy":"product_cat","embeddable":true,"href":"https:\/\/wesakparis.com\/fr\/wp-json\/wp\/v2\/product_cat?post=550"},{"taxonomy":"product_tag","embeddable":true,"href":"https:\/\/wesakparis.com\/fr\/wp-json\/wp\/v2\/product_tag?post=550"}],"curies":[{"name":"wp","href":"https:\/\/api.w.org\/{rel}","templated":true}]}}