{"id":698,"date":"2021-03-22T11:10:45","date_gmt":"2021-03-22T10:10:45","guid":{"rendered":"https:\/\/wesakparis.com\/?post_type=product&#038;p=698"},"modified":"2024-10-30T14:28:52","modified_gmt":"2024-10-30T13:28:52","slug":"masque","status":"publish","type":"product","link":"https:\/\/wesakparis.com\/fr\/produit\/masque\/","title":{"rendered":"masque visage"},"content":{"rendered":"","protected":false},"excerpt":{"rendered":"<p>Le masque visage wesak paris sublimera votre beaut\u00e9 avec les effets bienfaisants de la lithoth\u00e9rapie.<br \/>\nConfectionn\u00e9 en perles pures, 100 % naturelles, non trait\u00e9es et polies de mani\u00e8re artisanale \u00e0 l\u2019eau, le masque visage de Wesak Paris est l\u2019accessoire indispensable pour prendre soin des sinus, des paupi\u00e8res et du contour de l\u2019oeil.<\/p>\n","protected":false},"featured_media":2794,"comment_status":"open","ping_status":"closed","template":"","meta":{"_seopress_robots_primary_cat":"none","inline_featured_image":false},"product_cat":[25],"product_tag":[],"acf":[],"_links":{"self":[{"href":"https:\/\/wesakparis.com\/fr\/wp-json\/wp\/v2\/product\/698"}],"collection":[{"href":"https:\/\/wesakparis.com\/fr\/wp-json\/wp\/v2\/product"}],"about":[{"href":"https:\/\/wesakparis.com\/fr\/wp-json\/wp\/v2\/types\/product"}],"replies":[{"embeddable":true,"href":"https:\/\/wesakparis.com\/fr\/wp-json\/wp\/v2\/comments?post=698"}],"wp:featuredmedia":[{"embeddable":true,"href":"https:\/\/wesakparis.com\/fr\/wp-json\/wp\/v2\/media\/2794"}],"wp:attachment":[{"href":"https:\/\/wesakparis.com\/fr\/wp-json\/wp\/v2\/media?parent=698"}],"wp:term":[{"taxonomy":"product_cat","embeddable":true,"href":"https:\/\/wesakparis.com\/fr\/wp-json\/wp\/v2\/product_cat?post=698"},{"taxonomy":"product_tag","embeddable":true,"href":"https:\/\/wesakparis.com\/fr\/wp-json\/wp\/v2\/product_tag?post=698"}],"curies":[{"name":"wp","href":"https:\/\/api.w.org\/{rel}","templated":true}]}}