{"id":839,"date":"2021-03-23T16:48:35","date_gmt":"2021-03-23T15:48:35","guid":{"rendered":"https:\/\/wesakparis.com\/?post_type=product&#038;p=839"},"modified":"2024-10-30T14:36:43","modified_gmt":"2024-10-30T13:36:43","slug":"masque-yeux","status":"publish","type":"product","link":"https:\/\/wesakparis.com\/fr\/produit\/masque-yeux\/","title":{"rendered":"masque yeux"},"content":{"rendered":"","protected":false},"excerpt":{"rendered":"<p>Le masque yeux wesak paris sublimera votre beaut\u00e9 avec les effets bienfaisants de la lithoth\u00e9rapie.<br \/>\nConfectionn\u00e9s en perles pures, 100 % naturelles, non trait\u00e9es et polies de mani\u00e8re artisanale \u00e0 l\u2019eau, le masque yeux de Wesak Paris est l\u2019accessoire indispensable pour prendre soin des sinus, des paupi\u00e8res et du contour de l\u2019oeil.<\/p>\n","protected":false},"featured_media":2790,"comment_status":"open","ping_status":"closed","template":"","meta":{"_seopress_robots_primary_cat":"none","inline_featured_image":false},"product_cat":[25],"product_tag":[],"acf":[],"_links":{"self":[{"href":"https:\/\/wesakparis.com\/fr\/wp-json\/wp\/v2\/product\/839"}],"collection":[{"href":"https:\/\/wesakparis.com\/fr\/wp-json\/wp\/v2\/product"}],"about":[{"href":"https:\/\/wesakparis.com\/fr\/wp-json\/wp\/v2\/types\/product"}],"replies":[{"embeddable":true,"href":"https:\/\/wesakparis.com\/fr\/wp-json\/wp\/v2\/comments?post=839"}],"wp:featuredmedia":[{"embeddable":true,"href":"https:\/\/wesakparis.com\/fr\/wp-json\/wp\/v2\/media\/2790"}],"wp:attachment":[{"href":"https:\/\/wesakparis.com\/fr\/wp-json\/wp\/v2\/media?parent=839"}],"wp:term":[{"taxonomy":"product_cat","embeddable":true,"href":"https:\/\/wesakparis.com\/fr\/wp-json\/wp\/v2\/product_cat?post=839"},{"taxonomy":"product_tag","embeddable":true,"href":"https:\/\/wesakparis.com\/fr\/wp-json\/wp\/v2\/product_tag?post=839"}],"curies":[{"name":"wp","href":"https:\/\/api.w.org\/{rel}","templated":true}]}}