{"id":864,"date":"2021-03-23T17:40:36","date_gmt":"2021-03-23T16:40:36","guid":{"rendered":"https:\/\/wesakparis.com\/?post_type=product&#038;p=864"},"modified":"2024-10-30T14:12:04","modified_gmt":"2024-10-30T13:12:04","slug":"mushroom","status":"publish","type":"product","link":"https:\/\/wesakparis.com\/fr\/produit\/mushroom\/","title":{"rendered":"mushroom"},"content":{"rendered":"","protected":false},"excerpt":{"rendered":"<p>Un outil de beaut\u00e9 pour traiter le visage.<br \/>\nLe Mushroom wesak paris sublimera votre beaut\u00e9 avec les effets bienfaisants de la lithoth\u00e9rapie et le massage que vous prodiguerez.<br \/>\nLe gua sha est issu de la tradition chinoise. Le terme \u00abgua\u00bb signifie \u00abgratter\u00bb et \u00absha\u00bb signifie rougeur et\/ou irritation. Utilis\u00e9 pour am\u00e9liorer l\u2019apparence de la peau. Cet outil de beaut\u00e9 \u00e9pouse les diff\u00e9rentes courbes du visage et du cou. En massage autour des yeux, sur les sinus, les tempes, le front, ces champignons doux s\u2019utilisent froid, pour un effet d\u00e9congestionnant, mais \u00e9galement ti\u00e8des, pour un effet relaxant.<\/p>\n","protected":false},"featured_media":3620,"comment_status":"open","ping_status":"closed","template":"","meta":{"_seopress_robots_primary_cat":"none","inline_featured_image":false},"product_cat":[25],"product_tag":[],"acf":[],"_links":{"self":[{"href":"https:\/\/wesakparis.com\/fr\/wp-json\/wp\/v2\/product\/864"}],"collection":[{"href":"https:\/\/wesakparis.com\/fr\/wp-json\/wp\/v2\/product"}],"about":[{"href":"https:\/\/wesakparis.com\/fr\/wp-json\/wp\/v2\/types\/product"}],"replies":[{"embeddable":true,"href":"https:\/\/wesakparis.com\/fr\/wp-json\/wp\/v2\/comments?post=864"}],"wp:featuredmedia":[{"embeddable":true,"href":"https:\/\/wesakparis.com\/fr\/wp-json\/wp\/v2\/media\/3620"}],"wp:attachment":[{"href":"https:\/\/wesakparis.com\/fr\/wp-json\/wp\/v2\/media?parent=864"}],"wp:term":[{"taxonomy":"product_cat","embeddable":true,"href":"https:\/\/wesakparis.com\/fr\/wp-json\/wp\/v2\/product_cat?post=864"},{"taxonomy":"product_tag","embeddable":true,"href":"https:\/\/wesakparis.com\/fr\/wp-json\/wp\/v2\/product_tag?post=864"}],"curies":[{"name":"wp","href":"https:\/\/api.w.org\/{rel}","templated":true}]}}