{"id":962,"date":"2021-03-29T15:25:57","date_gmt":"2021-03-29T14:25:57","guid":{"rendered":"https:\/\/wesakparis.com\/?post_type=product&#038;p=962"},"modified":"2024-10-30T12:57:15","modified_gmt":"2024-10-30T11:57:15","slug":"spoon","status":"publish","type":"product","link":"https:\/\/wesakparis.com\/fr\/produit\/spoon\/","title":{"rendered":"spoon"},"content":{"rendered":"","protected":false},"excerpt":{"rendered":"<p>Un outil de beaut\u00e9 pour traiter l\u2019\u00e2me et le visage.<\/p>\n<p>Le spoon wesak paris sublimera votre beaut\u00e9, avec les effets bienfaisants de la lithoth\u00e9rapie et le massage que vous prodiguerez.<\/p>\n<p>Le gua sha est issu de la tradition chinoise. Le terme \u00abgua\u00bb signifie \u00abgratter\u00bb et \u00absha\u00bb signifie rougeur et\/ou irritation.<\/p>\n<p>En massage autour des yeux, sur les sinus, les tempes, le front ces spoons doux s\u2019utilisent froid, pour un effet d\u00e9congestionnant, mais \u00e9galement ti\u00e8des, pour un effet relaxant.<\/p>\n","protected":false},"featured_media":1008,"comment_status":"open","ping_status":"closed","template":"","meta":{"_seopress_robots_primary_cat":"none","inline_featured_image":false},"product_cat":[25],"product_tag":[],"acf":[],"_links":{"self":[{"href":"https:\/\/wesakparis.com\/fr\/wp-json\/wp\/v2\/product\/962"}],"collection":[{"href":"https:\/\/wesakparis.com\/fr\/wp-json\/wp\/v2\/product"}],"about":[{"href":"https:\/\/wesakparis.com\/fr\/wp-json\/wp\/v2\/types\/product"}],"replies":[{"embeddable":true,"href":"https:\/\/wesakparis.com\/fr\/wp-json\/wp\/v2\/comments?post=962"}],"wp:featuredmedia":[{"embeddable":true,"href":"https:\/\/wesakparis.com\/fr\/wp-json\/wp\/v2\/media\/1008"}],"wp:attachment":[{"href":"https:\/\/wesakparis.com\/fr\/wp-json\/wp\/v2\/media?parent=962"}],"wp:term":[{"taxonomy":"product_cat","embeddable":true,"href":"https:\/\/wesakparis.com\/fr\/wp-json\/wp\/v2\/product_cat?post=962"},{"taxonomy":"product_tag","embeddable":true,"href":"https:\/\/wesakparis.com\/fr\/wp-json\/wp\/v2\/product_tag?post=962"}],"curies":[{"name":"wp","href":"https:\/\/api.w.org\/{rel}","templated":true}]}}