{"id":971,"date":"2021-03-29T15:43:47","date_gmt":"2021-03-29T14:43:47","guid":{"rendered":"https:\/\/wesakparis.com\/?post_type=product&#038;p=971"},"modified":"2024-10-30T12:53:11","modified_gmt":"2024-10-30T11:53:11","slug":"gua-sha-heart","status":"publish","type":"product","link":"https:\/\/wesakparis.com\/fr\/produit\/gua-sha-heart\/","title":{"rendered":"gua sha heart"},"content":{"rendered":"<p>Un outil de beaut\u00e9 pour traiter l\u2019\u00e2me et le visage.<br \/>\nLe Gua Sha Heart Wesak paris sublimera votre beaut\u00e9, avec les effets bienfaisants de la lithoth\u00e9rapie et le massage que vous prodiguerez.<br \/>\nLe gua sha est issu de la tradition chinoise. Le terme \u00abgua\u00bb signifie \u00abgratter\u00bb et \u00absha\u00bb signifie rougeur et\/ou irritation. Utilis\u00e9 pour am\u00e9liorer l\u2019apparence de la peau. Cet outil de beaut\u00e9 aux diff\u00e9rentes courbes \u00e9pouse parfaitement les formes du visage et du cou.<\/p>\n","protected":false},"excerpt":{"rendered":"<p>Le Gua Sha Heart Wesak paris sublime votre beaut\u00e9, avec les effets bienfaisants de la lithoth\u00e9rapie et le massage que vous prodiguerez.<br \/>\nLe gua sha est issu de la tradition chinoise. Le terme \u00abgua\u00bb signifie \u00abgratter\u00bb et \u00absha\u00bb signifie rougeur et\/ou irritation.<\/p>\n","protected":false},"featured_media":3916,"comment_status":"open","ping_status":"closed","template":"","meta":{"_seopress_robots_primary_cat":"none","inline_featured_image":false},"product_cat":[25],"product_tag":[],"acf":[],"_links":{"self":[{"href":"https:\/\/wesakparis.com\/fr\/wp-json\/wp\/v2\/product\/971"}],"collection":[{"href":"https:\/\/wesakparis.com\/fr\/wp-json\/wp\/v2\/product"}],"about":[{"href":"https:\/\/wesakparis.com\/fr\/wp-json\/wp\/v2\/types\/product"}],"replies":[{"embeddable":true,"href":"https:\/\/wesakparis.com\/fr\/wp-json\/wp\/v2\/comments?post=971"}],"wp:featuredmedia":[{"embeddable":true,"href":"https:\/\/wesakparis.com\/fr\/wp-json\/wp\/v2\/media\/3916"}],"wp:attachment":[{"href":"https:\/\/wesakparis.com\/fr\/wp-json\/wp\/v2\/media?parent=971"}],"wp:term":[{"taxonomy":"product_cat","embeddable":true,"href":"https:\/\/wesakparis.com\/fr\/wp-json\/wp\/v2\/product_cat?post=971"},{"taxonomy":"product_tag","embeddable":true,"href":"https:\/\/wesakparis.com\/fr\/wp-json\/wp\/v2\/product_tag?post=971"}],"curies":[{"name":"wp","href":"https:\/\/api.w.org\/{rel}","templated":true}]}}